{"id":1426,"date":"2023-03-07T08:48:21","date_gmt":"2023-03-07T07:48:21","guid":{"rendered":"https:\/\/marbellacribs.isabellatech.co\/?page_id=1426"},"modified":"2023-05-09T10:42:31","modified_gmt":"2023-05-09T08:42:31","slug":"legal-advice","status":"publish","type":"page","link":"https:\/\/marbella-cribs.com\/es\/aviso-legal\/","title":{"rendered":"Aviso legal"},"content":{"rendered":"<p><\/p>\n\n\n\n<p>En cumplimiento del art\u00edculo 10 de la Ley 34\/2002, de 11 de julio, de Servicios de la Sociedad de la Informaci\u00f3n y Comercio Electr\u00f3nico, a continuaci\u00f3n se indican los datos identificativos de la empresa. Este portal de Internet es puesto a disposici\u00f3n de los usuarios por la entidad, cuyos datos identificativos son<\/p>\n\n\n\n<p>Denominaci\u00f3n social: Marbella Cribs Group S.L<\/p>\n\n\n\n<p>C.I.F.: B72723810<\/p>\n\n\n\n<p>Sede: El Soto de La Quinta, Bloque 1BD, 29679, Benahavis, M\u00e1laga<\/p>\n\n\n\n<p>Tel\u00e9fono: 623443213<\/p>\n\n\n\n<p>Correo electr\u00f3nico: contact@marbella-cribs.com<\/p>\n\n\n\n<p>Estos avisos legales incluyen las condiciones generales que rigen el acceso y uso de este sitio, en adelante \u201cel sitio\u201d. La utilizaci\u00f3n del sitio implica la expresa y plena aceptaci\u00f3n de las presentes condiciones generales en la versi\u00f3n publicada en el momento en que el usuario acceda al mismo, sin perjuicio de las condiciones particulares que pudieran ser de aplicaci\u00f3n a algunos de los servicios espec\u00edficos del sitio.<\/p>\n\n\n\n<p>El acceso al sitio web tiene car\u00e1cter gratuito, salvo el coste de conexi\u00f3n a trav\u00e9s de la red de telecomunicaciones facilitada por el proveedor de acceso contratado por los usuarios. Algunos servicios son exclusivos para nuestros clientes y su acceso est\u00e1 restringido.<\/p>\n\n\n\n<p>La utilizaci\u00f3n del Portal atribuye la condici\u00f3n de usuario del Portal (en adelante, el \u00abUsuario\u00bb) e implica la aceptaci\u00f3n de todas las condiciones incluidas en este Aviso Legal. La prestaci\u00f3n del servicio del Portal tiene una duraci\u00f3n limitada al momento en que el Usuario se encuentra conectado al Portal oa cualquiera de los servicios que a trav\u00e9s del mismo se facilitan. Por tanto, el Usuario debe leer atentamente este Aviso Legal en cada una de las ocasiones en que se proponga utilizar el Portal, ya que el mismo y sus condiciones de uso contenidas en este Aviso Legal pueden sufrir modificaciones.<\/p>\n\n\n\n<p>Ciertos servicios del Portal accesibles a los usuarios de Internet o exclusivos a los clientes de Marbella Cribs Group, S.L, pueden estar sujetos a condiciones particulares, reglamentos e instrucciones que, en su caso, sustituyen, completan y\/o modifican el presente Aviso Legal y que deber\u00e1n ser aceptadas por el Usuario antes de iniciar la prestaci\u00f3n del servicio correspondiente.<\/p>\n\n\n\n<p><strong>Propiedad intelectual e industrial<\/strong><\/p>\n\n\n\n<p>Este sitio y los contenidos que alberga se encuentran protegidos por la legislaci\u00f3n vigente en materia de propiedad intelectual.<br>Marbella Cribs Group, S.L es titular o licenciatario de todos los derechos de propiedad intelectual e industrial de su p\u00e1gina web, as\u00ed como de los elementos que contiene. Por tanto, quedan expresamente prohibidas la reproducci\u00f3n, distribuci\u00f3n, comunicaci\u00f3n p\u00fablica y transformaci\u00f3n, de la totalidad o parte de los contenidos de este sitio web, con fines comerciales, en cualquier soporte y por cualquier medio t\u00e9cnico, sin la autorizaci\u00f3n de los T\u00e9rminos y Condiciones.<\/p>\n\n\n\n<p>Las marcas, nombres comerciales o signos distintivos son titularidad de Marbella Cribs Group, S.L, ya sea por sus derechos de propiedad industrial o intelectual, sin que pueda entenderse que el acceso al Portal atribuya ning\u00fan derecho sobre las marcas, nombres comerciales y\/o signos distintivos mencionados. arriba. .<\/p>\n\n\n\n<p>Todos los productos y servicios de estas p\u00e1ginas que NO son propiedad de Marbella Cribs Group, S.L son marcas registradas de sus respectivos propietarios y son reconocidas como tales por nuestra empresa. \u00danicamente aparecen en la p\u00e1gina web de Marbella Cribs Group, S.L a efectos promocionales y de recopilaci\u00f3n de informaci\u00f3n. Estos titulares pueden solicitar la modificaci\u00f3n o eliminaci\u00f3n de la informaci\u00f3n que les pertenece.<\/p>\n\n\n\n<p><strong>Condiciones de uso del portal<\/strong><\/p>\n\n\n\n<p>General<\/p>\n\n\n\n<p>El usuario se obliga a hacer un uso correcto del portal de conformidad con la ley y el presente aviso legal. El usuario responder\u00e1 frente a Marbella Cribs Group, S.L o frente a terceros, de cualesquiera da\u00f1os y perjuicios que pudieran causarse como consecuencia del incumplimiento de dicha obligaci\u00f3n.<\/p>\n\n\n\n<p>Queda expresamente prohibido el uso del Portal con fines lesivos de bienes o intereses de Marbella Cribs Group, S.L o de terceros o que sobrecarguen, da\u00f1en o inutilicen de cualquier forma las redes, servidores y dem\u00e1s equipos inform\u00e1ticos (hardware) o productos inform\u00e1ticos. y aplicaciones (software). ) de Marbella Cribs Group, S.L o de terceros.<\/p>\n\n\n\n<p>Contenido<\/p>\n\n\n\n<p>El Usuario se obliga a utilizar los Contenidos de conformidad con la Ley y el presente Aviso Legal, as\u00ed como con las dem\u00e1s condiciones, reglamentos e instrucciones que resulten de aplicaci\u00f3n de conformidad con lo dispuesto en el art\u00edculo 1.<\/p>\n\n\n\n<p>A t\u00edtulo meramente informativo, el Usuario, de conformidad con la legislaci\u00f3n vigente, deber\u00e1 abstenerse de:<\/p>\n\n\n\n<p>\u2022 Reproducir, copiar, distribuir, poner a disposici\u00f3n, comunicar p\u00fablicamente, transformar o modificar los Contenidos, salvo en los casos autorizados en la ley o expresamente consentidos por Marbella Cribs Group, S.L o por quien ostente la titularidad de los derechos de explotaci\u00f3n en su caso.<\/p>\n\n\n\n<p>\u2022 Reproducir o copiar para uso privado el Contenido para ser considerados como Software o Base de Datos de acuerdo con la legislaci\u00f3n vigente en materia de propiedad intelectual, as\u00ed como su comunicaci\u00f3n p\u00fablica o su puesta a disposici\u00f3n de terceros cuando estos actos impliquen necesariamente una reproducci\u00f3n por parte del Usuario o de un tercero.<\/p>\n\n\n\n<p>\u2022 Extraer y\/o reutilizar la totalidad o una parte sustancial de los Contenidos del Portal as\u00ed como de las bases de datos que Marbella Cribs Group, S.L pone a nuestra disposici\u00f3n<\/p>\n\n\n\n<p>Introducci\u00f3n de enlaces al Portal<\/p>\n\n\n\n<p>El usuario de Internet que desee introducir enlaces desde sus propias p\u00e1ginas web al portal deber\u00e1 cumplir con las condiciones que se detallan a continuaci\u00f3n sin ignorarlas, eludiendo las responsabilidades derivadas de la ley:<\/p>\n\n\n\n<p>\u2022 El enlace \u00fanicamente regresar\u00e1 a la home page o p\u00e1gina principal del Portal pero no podr\u00e1 en ning\u00fan caso reproducirla (online links, copia de los textos, gr\u00e1ficos, etc.)<br>\u2022 Quedar\u00e1 prohibido en todo caso, de acuerdo con la legislaci\u00f3n aplicable y vigente en cada momento, establecer marcos o frames de cualquier clase que envuelvan el Portal o permitan la visualizaci\u00f3n de los Contenidos a trav\u00e9s de direcciones de Internet distintas a las del Portal. y, en todo caso, cuando se muestre con contenidos ajenos al Portal de forma que: (I) produzca o pueda producir error, confusi\u00f3n o enga\u00f1o en los usuarios sobre la verdadera procedencia del servicio o de los Contenidos; (II) suponga un acto de comparaci\u00f3n o imitaci\u00f3n desleal; (III) se utilice para aprovechar la reputaci\u00f3n y el prestigio de la marca Marbella Cribs Group, S.L o (IV) de cualquier otro modo resulte prohibido por la legislaci\u00f3n vigente.<\/p>\n\n\n\n<p>\u2022 No se realizar\u00e1n desde la p\u00e1gina que introduce el enlace ning\u00fan tipo de manifestaci\u00f3n falsa, inexacta o incorrecta sobre Marbella Cribs Group, S.L, sus socios, empleados, clientes o sobre la calidad de los servicios que presta.<\/p>\n\n\n\n<p>\u2022 En ning\u00fan caso, se indicar\u00e1 en la p\u00e1gina donde se ubique el enlace que Marbella Cribs Group, S.L ha prestado su consentimiento para la inserci\u00f3n del enlace o que patrocina, colabora, verifica o supervisa los servicios del remitente.<\/p>\n\n\n\n<p>\u2022 Queda prohibida la utilizaci\u00f3n de cualquier marca denominativa, gr\u00e1fica, mixta o cualquier otro signo distintivo de Marbella Cribs Group, S.L en la p\u00e1gina del remitente, salvo en los casos autorizados en la ley o expresamente autorizados por Marbella Cribs Group, S.L y siempre que est\u00e9 permitido, en estos casos un enlace directo con el Portal en la forma establecida en esta cl\u00e1usula.<\/p>\n\n\n\n<p>\u2022 La p\u00e1gina que establezca el enlace deber\u00e1 cumplir fielmente con la ley y no podr\u00e1 en ning\u00fan caso disponer o enlazar con contenidos propios o de terceros que: (I) sean il\u00edcitos, nocivos o contrarios a la moral y las buenas costumbres (pornogr\u00e1ficos, violenta, racista, etc.); (II) induzca o pueda inducir en el Usuario la falsa concepci\u00f3n de que Marbella Cribs Group, S.L suscribe, aprueba, se adhiere o de cualquier forma apoya las ideas, manifestaciones o expresiones, l\u00edcitas o il\u00edcitas, del remitente; (III) resulten inapropiados o no pertinentes con la actividad de Marbella Cribs Group, S.L dada la ubicaci\u00f3n, contenidos y tem\u00e1tica de la p\u00e1gina web del remitente.<\/p>\n\n\n\n<p><strong>Exclusion de responsabilidad<\/strong><\/p>\n\n\n\n<p>De la Informacion<\/p>\n\n\n\n<p>Marbella Cribs Group, S.L no se hace responsable de las decisiones tomadas en base a la informaci\u00f3n facilitada en el Portal ni de los da\u00f1os y perjuicios causados al Usuario o a terceros por actuaciones basadas \u00fanicamente en la informaci\u00f3n obtenida en el Portal.<\/p>\n\n\n\n<p>De la calidad de servicio<\/p>\n\n\n\n<p>El acceso al Portal no implica la obligaci\u00f3n por parte de Marbella Cribs Group, S.L de controlar la ausencia de virus, gusanos o cualquier otro elemento inform\u00e1tico da\u00f1ino. Corresponde al usuario, en todo caso, la disponibilidad de herramientas adecuadas para la detecci\u00f3n y desinfecci\u00f3n de programas inform\u00e1ticos da\u00f1inos.<br>Marbella Cribs Group, S.L no se hace responsable de los da\u00f1os producidos en los equipos inform\u00e1ticos de los usuarios o de terceros durante la prestaci\u00f3n del servicio del portal.<\/p>\n\n\n\n<p>De la disponibilidad del servicio<\/p>\n\n\n\n<p>El acceso al portal requiere de servicios y suministros de terceros, incluidos el transporte a trav\u00e9s de redes de telecomunicaciones cuya fiabilidad, calidad, continuidad y funcionamiento no corresponde a Marbella Cribs Group, S.L. Por tanto, los servicios prestados a trav\u00e9s del Portal pueden ser suspendidos, cancelados o inaccesibles, antes o simult\u00e1neamente a la prestaci\u00f3n del servicio del Portal.<\/p>\n\n\n\n<p>Marbella Cribs Group, S.L no se hace responsable por los da\u00f1os o perjuicios de cualquier tipo causados al usuario que tengan su origen en aver\u00edas o desconexiones en las redes de telecomunicaciones que produzcan la suspensi\u00f3n, cancelaci\u00f3n o interrupci\u00f3n del servicio del portal durante la prestaci\u00f3n del mismo. o con car\u00e1cter anterior.<\/p>\n\n\n\n<p>De los contenidos y servicios enlazados a trav\u00e9s del Portal<\/p>\n\n\n\n<p>El servicio de acceso al portal incluye dispositivos t\u00e9cnicos de enlace, directorios e incluye instrumentos de b\u00fasqueda que permiten al usuario acceder a otras p\u00e1ginas y portales de Internet (en adelante, los \u00absitios enlazados\u00bb). En estos casos, Marbella Cribs Group, S.L act\u00faa como prestador de servicios de intermediaci\u00f3n de conformidad con el art\u00edculo 17 de la Ley 34\/2002, de 12 de julio, de Servicios de la Sociedad de la Informaci\u00f3n y de Comercio Electr\u00f3nico (LSSI) y \u00fanicamente ser\u00e1 responsable del contenido y servicios prestados en los sitios enlazados en la medida en que tiene conocimiento efectivo de la ilicitud y no ha desactivado el enlace con la diligencia debida. En el supuesto de que el usuario considere que existe un sitio enlazado con contenidos il\u00edcitos o inadecuados podr\u00e1 comunic\u00e1rselo a Marbella Cribs Group, S.L de acuerdo con el procedimiento y efectos establecidos en el art\u00edculo 6, sin que esta comunicaci\u00f3n conlleve en ning\u00fan caso la obligaci\u00f3n de retirar el correspondiente enlace.<\/p>\n\n\n\n<p>En ning\u00fan caso la existencia de sitios enlazados presupone la existencia de acuerdos con los responsables o titulares de los mismos, ni la recomendaci\u00f3n, promoci\u00f3n o identificaci\u00f3n de Marbella Cribs Group, S.L con las manifestaciones, contenidos o servicios proporcionados.<\/p>\n\n\n\n<p>Marbella Cribs Group, S.L no conoce los contenidos y servicios de los sitios enlazados y por tanto no se hace responsable por los da\u00f1os producidos por la ilicitud, calidad, obsolescencia, indisponibilidad, error e inutilidad de los contenidos y\/o servicios de los sitios enlazados ni por cualquier otro da\u00f1o que no sea directamente imputable a Marbella Cribs Group, S.L.<\/p>\n\n\n\n<p><strong>Protecci\u00f3n de Datos.<\/strong><\/p>\n\n\n\n<p>Puede consultar nuestra pol\u00edtica de protecci\u00f3n de datos (enlace) para conocer el uso que hacemos de sus datos personales.<\/p>\n\n\n\n<p><strong>Comunicaci\u00f3n de actividades de car\u00e1cter il\u00edcito e inadecuado<\/strong><\/p>\n\n\n\n<p>En el caso de que el Usuario o cualquier otro usuario de Internet tuviera conocimiento de que los Sitios Enlazados remiten a p\u00e1ginas cuyos contenidos o servicios son il\u00edcitos, nocivos, denigrantes, violentos o contrarios a la moral podr\u00e1 ponerse en contacto con Marbella Cribs Group, S.L indicando las siguientes finalidades:<\/p>\n\n\n\n<p>1. Datos personales del comunicante: nombre, direcci\u00f3n, n\u00famero de tel\u00e9fono y direcci\u00f3n de correo electr\u00f3nico.<\/p>\n\n\n\n<p>2. Descripci\u00f3n de los hechos que revelan el car\u00e1cter il\u00edcito o inadecuado del sitio enlazado.<\/p>\n\n\n\n<p>3. En el supuesto de violaci\u00f3n de derechos, tales como propiedad intelectual e industrial, los datos personales del titular del derecho infringido cuando sea persona distinta del comunicante.<\/p>\n\n\n\n<p>4. Asimismo deber\u00e1 aportar el t\u00edtulo que acredite la legitimaci\u00f3n del titular de los derechos y, en su caso, el de representaci\u00f3n para actuar por cuenta del titular cuando sea persona distinta del recurrente.<\/p>\n\n\n\n<p>5. Declaraci\u00f3n expresa de que los datos contenidos en la denuncia son exactos.<\/p>\n\n\n\n<p>La recepci\u00f3n por parte de Marbella Cribs Group, S.L de la comunicaci\u00f3n prevista en esta cl\u00e1usula no supondr\u00e1, de conformidad con lo dispuesto en la LSSI, el conocimiento efectivo de las actividades y\/o contenidos indicados por el comunicante.<\/p>\n\n\n\n<p>Asimismo, deber\u00e1 aportar el t\u00edtulo que acredite la legitimaci\u00f3n del titular de los derechos y, en su caso, el de representaci\u00f3n para actuar por cuenta del titular cuando sea persona distinta del recurrente; Declaraci\u00f3n expresa de que los datos contenidos en la denuncia son exactos.<\/p>\n\n\n\n<p><strong>Notificaciones<\/strong><\/p>\n\n\n\n<p>Todas las notificaciones y comunicaciones realizadas por las partes ser\u00e1n v\u00e1lidas de acuerdo con los medios admitidos en derecho. Los enlaces a este portal se considerar\u00e1n eficaces, a todos los efectos, si se realizan a trav\u00e9s del propio portal.<\/p>\n\n\n\n<p><strong>Modificaciones<\/strong><\/p>\n\n\n\n<p>Marbella Cribs Group, S.L se reserva el derecho a realizar las modificaciones que considere oportunas en su sitio web sin previo aviso, pudiendo modificar, eliminar o a\u00f1adir tanto los contenidos y servicios prestados a trav\u00e9s del mismo como la forma en que se presentan.<\/p>\n\n\n\n<p>Sin embargo, estas condiciones generales pueden cambiar en cualquier momento. Los cambios entrar\u00e1n en vigencia inmediatamente despu\u00e9s de su publicaci\u00f3n.<\/p>\n\n\n\n<p><strong>Redes sociales<\/strong><\/p>\n\n\n\n<p>Marbella Cribs Group, S.L est\u00e1 presente en diversas redes sociales y plataformas, por lo que, al acceder a cualquiera de estas redes u otras, se debe tener en cuenta que las condiciones de uso aplicables son las que cada plataforma ha establecido, en las que, Marbella Cribs Group, S.L no interviene.<\/p>\n\n\n\n<p><strong>Legislaci\u00f3n<\/strong><\/p>\n\n\n\n<p>El presente Aviso Legal se rige en cada uno de sus extremos por la ley espa\u00f1ola. Siempre que la legislaci\u00f3n aplicable permita la renuncia al fuero legal establecido, se designa como fuero para dirimir cualquier controversia los juzgados y tribunales de , renunciando expresamente el usuario a cualquier otro fuero que pudiera corresponder.<\/p>","protected":false},"excerpt":{"rendered":"<p>En cumplimiento del art\u00edculo 10 de la Ley 34\/2002, de 11 de julio, de Servicios de la Sociedad de la Informaci\u00f3n y Comercio Electr\u00f3nico, a continuaci\u00f3n se indican los datos identificativos de la empresa. Este portal de Internet es puesto a disposici\u00f3n de los usuarios por la entidad, cuyos datos identificativos son Denominaci\u00f3n social: Marbella [&hellip;]<\/p>\n","protected":false},"author":1,"featured_media":0,"parent":0,"menu_order":0,"comment_status":"closed","ping_status":"closed","template":"page-templates\/page_no-header.php","meta":{"_joinchat":[],"footnotes":""},"class_list":["post-1426","page","type-page","status-publish","hentry"],"aioseo_notices":[],"meta_box":{"image":false,"faq_en":[],"faq_(spanish)":[],"faq_fr":[],"status":[]},"_links":{"self":[{"href":"https:\/\/marbella-cribs.com\/es\/wp-json\/wp\/v2\/pages\/1426","targetHints":{"allow":["GET"]}}],"collection":[{"href":"https:\/\/marbella-cribs.com\/es\/wp-json\/wp\/v2\/pages"}],"about":[{"href":"https:\/\/marbella-cribs.com\/es\/wp-json\/wp\/v2\/types\/page"}],"author":[{"embeddable":true,"href":"https:\/\/marbella-cribs.com\/es\/wp-json\/wp\/v2\/users\/1"}],"replies":[{"embeddable":true,"href":"https:\/\/marbella-cribs.com\/es\/wp-json\/wp\/v2\/comments?post=1426"}],"version-history":[{"count":12,"href":"https:\/\/marbella-cribs.com\/es\/wp-json\/wp\/v2\/pages\/1426\/revisions"}],"predecessor-version":[{"id":2415,"href":"https:\/\/marbella-cribs.com\/es\/wp-json\/wp\/v2\/pages\/1426\/revisions\/2415"}],"wp:attachment":[{"href":"https:\/\/marbella-cribs.com\/es\/wp-json\/wp\/v2\/media?parent=1426"}],"curies":[{"name":"wp","href":"https:\/\/api.w.org\/{rel}","templated":true}]}}