{"id":1428,"date":"2023-03-07T08:48:40","date_gmt":"2023-03-07T07:48:40","guid":{"rendered":"https:\/\/marbellacribs.isabellatech.co\/?page_id=1428"},"modified":"2023-05-09T15:40:41","modified_gmt":"2023-05-09T13:40:41","slug":"privacy-policy","status":"publish","type":"page","link":"https:\/\/marbella-cribs.com\/es\/politica-de-privacidad\/","title":{"rendered":"Pol\u00edtica de Privacidad"},"content":{"rendered":"<p>Esta pol\u00edtica de privacidad describe nuestras pol\u00edticas y procedimientos sobre la recopilaci\u00f3n, el uso y la divulgaci\u00f3n de su informaci\u00f3n cuando utiliza el Servicio y le informa sobre sus derechos de privacidad y c\u00f3mo le protege la ley.<\/p>\n\n\n\n<p>Utilizamos sus datos personales para proporcionar y mejorar el Servicio. Al utilizar el Servicio, Usted acepta la recopilaci\u00f3n y el uso de la informaci\u00f3n de acuerdo con esta Pol\u00edtica de Privacidad.<\/p>\n\n\n\n<h3 class=\"wp-block-heading\"><strong>Interpretaci\u00f3n y definiciones<\/strong><\/h3>\n\n\n\n<h4 class=\"wp-block-heading\"><strong>Interpretaci\u00f3n<\/strong><\/h4>\n\n\n\n<p>Las palabras cuya letra inicial va en may\u00fascula tienen significados definidos en las siguientes condiciones. Las siguientes definiciones tendr\u00e1n el mismo significado independientemente de que aparezcan en singular o en plural.<\/p>\n\n\n\n<h4 class=\"wp-block-heading\"><strong>Definiciones<\/strong><\/h4>\n\n\n\n<p>A los efectos de la presente pol\u00edtica de privacidad:<\/p>\n\n\n\n<p><strong>Cuenta<\/strong>&nbsp;significa una cuenta \u00fanica creada para que Usted pueda acceder a nuestro Servicio o a partes de nuestro Servicio.<\/p>\n\n\n\n<p><strong>La Compa\u00f1\u00eda<\/strong>&nbsp;(referida como \u00abla Compa\u00f1\u00eda\u00bb, \u00abNosotros\u00bb, \u00abNos\u00bb o \u00abNuestro\u00bb en este Acuerdo) se refiere a Marbella Cribs Group, Soto de la Quinta, 29679 Benahavis.<\/p>\n\n\n\n<p><strong>Las cookies<\/strong>&nbsp;son peque\u00f1os archivos que un sitio web coloca en su ordenador, dispositivo m\u00f3vil o cualquier otro dispositivo, y que contienen los detalles de su historial de navegaci\u00f3n en ese sitio web, entre otros muchos usos.<\/p>\n\n\n\n<p>El&nbsp;<strong>pa\u00eds<\/strong>&nbsp;se refiere a: Espa\u00f1a<\/p>\n\n\n\n<p>Por&nbsp;<strong>dispositivo<\/strong>&nbsp;se entiende cualquier aparato que pueda acceder al Servicio, como un ordenador, un tel\u00e9fono m\u00f3vil o una tableta digital.<\/p>\n\n\n\n<p>Los&nbsp;<strong>datos personales<\/strong>&nbsp;son cualquier informaci\u00f3n relacionada con una persona identificada o identificable.<\/p>\n\n\n\n<p>El&nbsp;<strong>servicio<\/strong>&nbsp;se refiere al sitio web.<\/p>\n\n\n\n<p>Por&nbsp;<strong>proveedor de<\/strong>&nbsp;servicios se entiende cualquier persona f\u00edsica o jur\u00eddica que procese los datos en nombre de la empresa. Se refiere a terceras empresas o personas contratadas por la Empresa para facilitar el Servicio, prestar el Servicio en nombre de la Empresa, realizar servicios relacionados con el Servicio o ayudar a la Empresa a analizar c\u00f3mo se utiliza el Servicio.<\/p>\n\n\n\n<p>El&nbsp;<strong>Servicio de Medios Sociales de Terceros<\/strong>&nbsp;se refiere a cualquier sitio web o cualquier sitio web de red social a trav\u00e9s del cual un Usuario puede iniciar sesi\u00f3n o crear una cuenta para utilizar el Servicio.<\/p>\n\n\n\n<p>Los&nbsp;<strong>datos de uso<\/strong>&nbsp;se refieren a los datos recogidos autom\u00e1ticamente, generados por el uso del Servicio o por la propia infraestructura del Servicio (por ejemplo, la duraci\u00f3n de la visita a una p\u00e1gina).<\/p>\n\n\n\n<p>La&nbsp;<strong>p\u00e1gina web<\/strong>&nbsp;hace referencia a Marbella Cribs, accesible desde&nbsp;<a href=\"https:\/\/marbella-cribs.com\/\">https:\/\/marbella-cribs.com<\/a><\/p>\n\n\n\n<p><strong>Usted<\/strong>&nbsp;se refiere a la persona que accede o utiliza el Servicio, o a la empresa u otra entidad legal en cuyo nombre dicha persona accede o utiliza el Servicio, seg\u00fan corresponda.<\/p>\n\n\n\n<h3 class=\"wp-block-heading\"><strong>Recogida y uso de sus datos personales<\/strong><\/h3>\n\n\n\n<h4 class=\"wp-block-heading\"><strong>Tipos de datos recogidos<\/strong><\/h4>\n\n\n\n<h5 class=\"wp-block-heading\"><strong>Datos personales<\/strong><\/h5>\n\n\n\n<p>Al utilizar nuestro Servicio, es posible que le pidamos que nos proporcione cierta informaci\u00f3n de identificaci\u00f3n personal que pueda utilizarse para ponerse en contacto con usted o identificarle. La informaci\u00f3n personal identificable puede incluir, pero no est\u00e1 limitada a:<\/p>\n\n\n\n<p>Direcci\u00f3n de correo electr\u00f3nico<\/p>\n\n\n\n<p>Nombre y apellidos<\/p>\n\n\n\n<p>N\u00famero de tel\u00e9fono<\/p>\n\n\n\n<p>Direcci\u00f3n, Estado, Provincia, C\u00f3digo postal, Ciudad<\/p>\n\n\n\n<p>Datos de uso<\/p>\n\n\n\n<h5 class=\"wp-block-heading\"><strong>Datos de uso<\/strong><\/h5>\n\n\n\n<p>Los datos de uso se recogen autom\u00e1ticamente al utilizar el Servicio.<\/p>\n\n\n\n<p>Los datos de uso pueden incluir informaci\u00f3n como la direcci\u00f3n de protocolo de Internet de su dispositivo (por ejemplo, la direcci\u00f3n IP), el tipo de navegador, la versi\u00f3n del navegador, las p\u00e1ginas de nuestro Servicio que visita, la hora y la fecha de su visita, el tiempo que pasa en esas p\u00e1ginas, los identificadores \u00fanicos del dispositivo y otros datos de diagn\u00f3stico.<\/p>\n\n\n\n<p>Cuando usted accede al Servicio por o a trav\u00e9s de un dispositivo m\u00f3vil, podemos recopilar cierta informaci\u00f3n de forma autom\u00e1tica, incluyendo, pero sin limitarse a, el tipo de dispositivo m\u00f3vil que usted utiliza, la identificaci\u00f3n \u00fanica de su dispositivo m\u00f3vil, la direcci\u00f3n IP de su dispositivo m\u00f3vil, su sistema operativo m\u00f3vil, el tipo de navegador de Internet m\u00f3vil que usted utiliza, los identificadores \u00fanicos del dispositivo y otros datos de diagn\u00f3stico.<\/p>\n\n\n\n<p>Tambi\u00e9n podemos recopilar la informaci\u00f3n que su navegador env\u00eda cada vez que visita nuestro Servicio o cuando accede al Servicio por o a trav\u00e9s de un dispositivo m\u00f3vil.<\/p>\n\n\n\n<h5 class=\"wp-block-heading\"><strong>Informaci\u00f3n de servicios de medios sociales de terceros<\/strong><\/h5>\n\n\n\n<p>La empresa le permite crear una cuenta e iniciar sesi\u00f3n para utilizar el Servicio a trav\u00e9s de los siguientes servicios de redes sociales de terceros:<\/p>\n\n\n\n<ul class=\"wp-block-list\">\n<li>Google<\/li>\n\n\n\n<li>Facebook<\/li>\n\n\n\n<li>Twitter<\/li>\n<\/ul>\n\n\n\n<p>Si decide registrarse a trav\u00e9s de un Servicio de Medios Sociales de Terceros o concedernos acceso de otro modo, podemos recopilar los datos personales que ya est\u00e1n asociados a su cuenta del Servicio de Medios Sociales de Terceros, como su nombre, su direcci\u00f3n de correo electr\u00f3nico, sus actividades o su lista de contactos asociados a esa cuenta.<\/p>\n\n\n\n<p>Tambi\u00e9n puede tener la opci\u00f3n de compartir informaci\u00f3n adicional con la empresa a trav\u00e9s de la cuenta de su servicio de redes sociales de terceros. Si usted decide proporcionar dicha informaci\u00f3n y datos personales, durante el registro o de otra manera, usted est\u00e1 dando permiso a la empresa para utilizar, compartir y almacenar de una manera consistente con esta pol\u00edtica de privacidad.<\/p>\n\n\n\n<h5 class=\"wp-block-heading\"><strong>Tecnolog\u00edas de seguimiento y cookies<\/strong><\/h5>\n\n\n\n<p>Utilizamos cookies y tecnolog\u00edas de seguimiento similares para rastrear la actividad en nuestro servicio y almacenar cierta informaci\u00f3n. Las tecnolog\u00edas de seguimiento utilizadas son balizas, etiquetas y scripts para recoger y rastrear informaci\u00f3n y para mejorar y analizar Nuestro Servicio. Las tecnolog\u00edas que utilizamos pueden incluir:<\/p>\n\n\n\n<ul class=\"wp-block-list\">\n<li><strong>Cookies o galletas del navegador.<\/strong>&nbsp;Una cookie es un peque\u00f1o archivo colocado en su dispositivo. Usted puede indicar a su navegador que rechace todas las cookies o que le indique cu\u00e1ndo se env\u00eda una cookie. Sin embargo, si no acepta las cookies, es posible que no pueda utilizar algunas partes de nuestro Servicio. A menos que haya ajustado la configuraci\u00f3n de su navegador para que rechace las Cookies, nuestro Servicio puede utilizarlas.<\/li>\n\n\n\n<li><strong>Cookies de Flash.<\/strong>&nbsp;Algunas funciones de nuestro Servicio pueden utilizar objetos locales almacenados (o Flash Cookies) para recoger y almacenar informaci\u00f3n sobre sus preferencias o su actividad en nuestro Servicio. Las cookies de Flash no se gestionan con los mismos ajustes del navegador que los utilizados para las cookies del navegador. Para obtener m\u00e1s informaci\u00f3n sobre c\u00f3mo puede eliminar las cookies de Flash, lea \u00ab\u00bfD\u00f3nde puedo cambiar la configuraci\u00f3n para desactivar o eliminar los objetos locales compartidos?\u00bb, disponible en&nbsp;<a href=\"https:\/\/helpx.adobe.com\/flash-player\/kb\/disable-local-shared-objects-flash.html#main_Where_can_I_change_the_settings_for_disabling__or_deleting_local_shared_objects_\">https:\/\/helpx.adobe.com\/flash-player\/kb\/disable-local-shared-objects-flash.html#main_Where_can_I_change_the_settings_for_disabling__or_deleting_local_shared_objects_<\/a><\/li>\n\n\n\n<li><strong>Balizas web.<\/strong>&nbsp;Ciertas secciones de nuestro Servicio y nuestros correos electr\u00f3nicos pueden contener peque\u00f1os archivos electr\u00f3nicos conocidos como balizas web (tambi\u00e9n denominados gifs transparentes, etiquetas de p\u00edxel y gifs de un solo p\u00edxel) que permiten a la Empresa, por ejemplo, contar los usuarios que han visitado esas p\u00e1ginas o han abierto un correo electr\u00f3nico y para otras estad\u00edsticas relacionadas con el sitio web (por ejemplo, registrar la popularidad de una determinada secci\u00f3n y verificar la integridad del sistema y del servidor).<\/li>\n<\/ul>\n\n\n\n<p>Las cookies pueden ser \u00abpersistentes\u00bb o \u00abde sesi\u00f3n\u00bb. Las cookies persistentes permanecen en su ordenador personal o dispositivo m\u00f3vil cuando se desconecta, mientras que las cookies de sesi\u00f3n se eliminan en cuanto cierra su navegador web.<\/p>\n\n\n\n<p>Utilizamos tanto cookies de sesi\u00f3n como persistentes para los fines que se indican a continuaci\u00f3n:<\/p>\n\n\n\n<p><strong>Cookies necesarias\/esenciales<\/strong><\/p>\n\n\n\n<p>Tipo: Cookies de sesi\u00f3n<\/p>\n\n\n\n<p>Administrado por: Us<\/p>\n\n\n\n<p>Finalidad: Estas cookies son esenciales para proporcionarle los servicios disponibles a trav\u00e9s del sitio web y permitirle utilizar algunas de sus funciones. Ayudan a autenticar a los usuarios y a evitar el uso fraudulento de las cuentas de usuario. Sin estas Cookies, los servicios que usted ha solicitado no pueden ser proporcionados, y nosotros s\u00f3lo utilizamos estas Cookies para proporcionarle esos servicios.<\/p>\n\n\n\n<p><strong>Pol\u00edtica de cookies \/ Aviso Aceptaci\u00f3n de cookies<\/strong><\/p>\n\n\n\n<p>Tipo: Cookies persistentes<\/p>\n\n\n\n<p>Administrado por: Us<\/p>\n\n\n\n<p>Finalidad: Estas cookies identifican si los usuarios han aceptado el uso de cookies en el sitio web.<\/p>\n\n\n\n<p><strong>Cookies de funcionalidad<\/strong><\/p>\n\n\n\n<p>Tipo: Cookies persistentes<\/p>\n\n\n\n<p>Administrado por: Us<\/p>\n\n\n\n<p>Finalidad: Estas cookies nos permiten recordar las elecciones que usted hace cuando utiliza el sitio web, como recordar sus datos de acceso o su preferencia de idioma. El objetivo de estas cookies es proporcionarle una experiencia m\u00e1s personal y evitar que tenga que volver a introducir sus preferencias cada vez que utilice el sitio web.<\/p>\n\n\n\n<p>Para obtener m\u00e1s informaci\u00f3n sobre las cookies que utilizamos y sus opciones en relaci\u00f3n con las cookies, visite nuestra Pol\u00edtica de cookies o la secci\u00f3n de cookies de nuestra Pol\u00edtica de privacidad.<\/p>\n\n\n\n<h4 class=\"wp-block-heading\"><strong>Uso de sus datos personales<\/strong><\/h4>\n\n\n\n<p>La empresa puede utilizar los datos personales para los siguientes fines:<\/p>\n\n\n\n<p><strong>Para proporcionar y mantener nuestro<\/strong>&nbsp;Servicio, incluyendo el control del uso de nuestro Servicio.<\/p>\n\n\n\n<p><strong>Para gestionar su cuenta:<\/strong>&nbsp;para gestionar su registro como usuario del Servicio. Los Datos Personales que usted proporciona pueden darle acceso a diferentes funcionalidades del Servicio que est\u00e1n disponibles para usted como usuario registrado.<\/p>\n\n\n\n<p><strong>Para la ejecuci\u00f3n de un contrato:<\/strong>&nbsp;el desarrollo, cumplimiento y realizaci\u00f3n del contrato de compra de los productos, art\u00edculos o servicios que Usted haya adquirido o de cualquier otro contrato con Nosotros a trav\u00e9s del Servicio.<\/p>\n\n\n\n<p><strong>Para ponerse en contacto con Usted:<\/strong>&nbsp;Para ponerse en contacto con Usted por correo electr\u00f3nico, llamadas telef\u00f3nicas, SMS u otras formas equivalentes de comunicaci\u00f3n electr\u00f3nica, como las notificaciones push de una aplicaci\u00f3n m\u00f3vil en relaci\u00f3n con las actualizaciones o comunicaciones informativas relacionadas con las funcionalidades, productos o servicios contratados, incluidas las actualizaciones de seguridad, cuando sea necesario o razonable para su implementaci\u00f3n.<\/p>\n\n\n\n<p><strong>Proporcionarle<\/strong>&nbsp;noticias, ofertas especiales e informaci\u00f3n general sobre otros bienes, servicios y eventos que ofrecemos y que son similares a los que ya ha comprado o sobre los que ha preguntado, a menos que haya optado por no recibir dicha informaci\u00f3n.<\/p>\n\n\n\n<p><strong>Gestionar sus solicitudes:<\/strong>&nbsp;Para atender y gestionar Sus solicitudes a Nosotros.<\/p>\n\n\n\n<p><strong>Para los traslados de empresas:<\/strong>&nbsp;Podemos utilizar su informaci\u00f3n para evaluar o llevar a cabo una fusi\u00f3n, desinversi\u00f3n, reestructuraci\u00f3n, reorganizaci\u00f3n, disoluci\u00f3n u otra venta o transferencia de algunos o todos nuestros activos, ya sea como empresa en marcha o como parte de un procedimiento de quiebra, liquidaci\u00f3n o similar, en el que los datos personales que tenemos sobre los usuarios de nuestros servicios se encuentran entre los activos transferidos.<\/p>\n\n\n\n<p><strong>Para otros<\/strong>&nbsp;fines: Podemos utilizar Su informaci\u00f3n para otros fines, como el an\u00e1lisis de datos, la identificaci\u00f3n de tendencias de uso, la determinaci\u00f3n de la eficacia de nuestras campa\u00f1as promocionales y para evaluar y mejorar nuestro Servicio, productos, servicios, marketing y su experiencia.<\/p>\n\n\n\n<p>Podemos compartir su informaci\u00f3n personal en las siguientes situaciones:<\/p>\n\n\n\n<ul class=\"wp-block-list\">\n<li><strong>Con proveedores de servicios:<\/strong>&nbsp;Podemos compartir su informaci\u00f3n personal con los Proveedores de Servicios para supervisar y analizar el uso de nuestro Servicio, para contactar con usted.<\/li>\n\n\n\n<li><strong>Para transferencias de negocios:<\/strong>&nbsp;Podemos compartir o transferir su informaci\u00f3n personal en relaci\u00f3n con, o durante las negociaciones de, cualquier fusi\u00f3n, venta de activos de la empresa, financiaci\u00f3n o adquisici\u00f3n de la totalidad o una parte de nuestro negocio a otra empresa.<\/li>\n\n\n\n<li><strong>Con los afiliados:<\/strong>&nbsp;Podemos compartir Su informaci\u00f3n con Nuestras filiales, en cuyo caso exigiremos a dichas filiales que respeten esta Pol\u00edtica de Privacidad. Las filiales incluyen a nuestra empresa matriz y a cualquier otra subsidiaria, socio de una empresa conjunta u otras empresas que controlamos o que est\u00e1n bajo control com\u00fan con nosotros.<\/li>\n\n\n\n<li><strong>Con socios comerciales:<\/strong>&nbsp;Podemos compartir su informaci\u00f3n con nuestros socios comerciales para ofrecerle determinados productos, servicios o promociones.<\/li>\n\n\n\n<li><strong>Con otros usuarios:<\/strong>&nbsp;cuando usted comparte informaci\u00f3n personal o interact\u00faa en las \u00e1reas p\u00fablicas con otros usuarios, dicha informaci\u00f3n puede ser vista por todos los usuarios y puede ser distribuida p\u00fablicamente en el exterior. Si usted interact\u00faa con otros usuarios o se registra a trav\u00e9s de un Servicio de Medios Sociales de Terceros, sus contactos en el Servicio de Medios Sociales de Terceros pueden ver su nombre, perfil, fotos y descripci\u00f3n de su actividad. Asimismo, otros usuarios podr\u00e1n ver descripciones de su actividad, comunicarse con usted y ver su perfil.<\/li>\n\n\n\n<li><strong>Con<\/strong>&nbsp;su consentimiento: Podemos revelar su informaci\u00f3n personal para cualquier otro prop\u00f3sito con su consentimiento.<\/li>\n<\/ul>\n\n\n\n<h4 class=\"wp-block-heading\"><strong>Conservaci\u00f3n de sus datos personales<\/strong><\/h4>\n\n\n\n<p>La empresa conservar\u00e1 sus datos personales s\u00f3lo durante el tiempo necesario para los fines establecidos en esta pol\u00edtica de privacidad. Conservaremos y utilizaremos sus datos personales en la medida en que sea necesario para cumplir con nuestras obligaciones legales (por ejemplo, si estamos obligados a conservar sus datos para cumplir con las leyes aplicables), resolver disputas y hacer cumplir nuestros acuerdos y pol\u00edticas legales.<\/p>\n\n\n\n<p>La empresa tambi\u00e9n conservar\u00e1 los datos de uso para fines de an\u00e1lisis interno. Los Datos de Uso se conservan generalmente durante un per\u00edodo de tiempo m\u00e1s corto, excepto cuando estos datos se utilizan para reforzar la seguridad o mejorar la funcionalidad de Nuestro Servicio, o cuando estamos legalmente obligados a conservar estos datos durante per\u00edodos de tiempo m\u00e1s largos.<\/p>\n\n\n\n<h4 class=\"wp-block-heading\"><strong>Transferencia de sus datos personales<\/strong><\/h4>\n\n\n\n<p>Su informaci\u00f3n, incluidos los Datos Personales, se procesa en las oficinas operativas de la Compa\u00f1\u00eda y en cualquier otro lugar donde se encuentren las partes involucradas en el procesamiento. Significa que esta informaci\u00f3n puede ser transferida y mantenida en ordenadores situados fuera de su estado, provincia, pa\u00eds u otra jurisdicci\u00f3n gubernamental donde las leyes de protecci\u00f3n de datos pueden ser diferentes a las de su jurisdicci\u00f3n.<\/p>\n\n\n\n<p>Su consentimiento a esta Pol\u00edtica de Privacidad seguido de su env\u00edo de dicha informaci\u00f3n representa su acuerdo con dicha transferencia.<\/p>\n\n\n\n<p>La Empresa tomar\u00e1 todas las medidas razonablemente necesarias para garantizar que sus datos sean tratados de forma segura y de acuerdo con esta Pol\u00edtica de Privacidad y no se realizar\u00e1 ninguna transferencia de sus datos personales a una organizaci\u00f3n o pa\u00eds a menos que existan controles adecuados que incluyan la seguridad de sus datos y otra informaci\u00f3n personal.<\/p>\n\n\n\n<h4 class=\"wp-block-heading\"><strong>Divulgaci\u00f3n de sus datos personales<\/strong><\/h4>\n\n\n\n<h5 class=\"wp-block-heading\"><strong>Operaciones comerciales<\/strong><\/h5>\n\n\n\n<p>Si la empresa participa en una fusi\u00f3n, adquisici\u00f3n o venta de activos, sus datos personales pueden ser transferidos. Le notificaremos antes de que sus datos personales sean transferidos y queden sujetos a una pol\u00edtica de privacidad diferente.<\/p>\n\n\n\n<h5 class=\"wp-block-heading\"><strong>Aplicaci\u00f3n de la ley<\/strong><\/h5>\n\n\n\n<p>En determinadas circunstancias, la empresa puede verse obligada a revelar sus datos personales si as\u00ed lo exige la ley o en respuesta a solicitudes v\u00e1lidas de las autoridades p\u00fablicas (por ejemplo, un tribunal o una agencia gubernamental).<\/p>\n\n\n\n<h5 class=\"wp-block-heading\"><strong>Otros requisitos legales<\/strong><\/h5>\n\n\n\n<p>La empresa puede revelar sus datos personales si cree de buena fe que dicha acci\u00f3n es necesaria para:<\/p>\n\n\n\n<ul class=\"wp-block-list\">\n<li>Cumplir con una obligaci\u00f3n legal<\/li>\n\n\n\n<li>Proteger y defender los derechos o la propiedad de la empresa<\/li>\n\n\n\n<li>Prevenir o investigar posibles infracciones en relaci\u00f3n con el Servicio<\/li>\n\n\n\n<li>Proteger la seguridad personal de los usuarios del Servicio o del p\u00fablico<\/li>\n\n\n\n<li>Protecci\u00f3n contra la responsabilidad legal<\/li>\n<\/ul>\n\n\n\n<h4 class=\"wp-block-heading\"><strong>Seguridad de sus datos personales<\/strong><\/h4>\n\n\n\n<p>La seguridad de sus datos personales es importante para nosotros, pero recuerde que ning\u00fan m\u00e9todo de transmisi\u00f3n por Internet o de almacenamiento electr\u00f3nico es 100% seguro. Aunque nos esforzamos por utilizar medios comercialmente aceptables para proteger sus datos personales, no podemos garantizar su seguridad absoluta.<\/p>\n\n\n\n<h3 class=\"wp-block-heading\"><strong><u>Privacidad de los ni\u00f1os<\/u><\/strong><\/h3>\n\n\n\n<p>Nuestro Servicio no se dirige a menores de 13 a\u00f1os. No recopilamos conscientemente informaci\u00f3n personal identificable de ninguna persona menor de 13 a\u00f1os. Si usted es un padre o tutor y tiene conocimiento de que su hijo nos ha proporcionado datos personales, p\u00f3ngase en contacto con nosotros. Si tenemos conocimiento de que hemos recopilado Datos Personales de cualquier persona menor de 13 a\u00f1os sin verificar el consentimiento de los padres, tomamos medidas para eliminar esa informaci\u00f3n de nuestros servidores.<\/p>\n\n\n\n<p>Si tenemos que basarnos en el consentimiento como base legal para procesar su informaci\u00f3n y su pa\u00eds requiere el consentimiento de uno de los padres, podemos requerir el consentimiento de sus padres antes de recopilar y utilizar esa informaci\u00f3n.<\/p>\n\n\n\n<h3 class=\"wp-block-heading\"><strong><u>Enlaces a otros sitios web<\/u><\/strong><\/h3>\n\n\n\n<p>Nuestro Servicio puede contener enlaces a otros sitios web que no son operados por nosotros. Si hace clic en un enlace de un tercero, ser\u00e1 dirigido al sitio de ese tercero. Le recomendamos encarecidamente que revise la pol\u00edtica de privacidad de cada sitio que visite.<\/p>\n\n\n\n<p>No tenemos ning\u00fan control ni asumimos ninguna responsabilidad por el contenido, las pol\u00edticas de privacidad o las pr\u00e1cticas de los sitios o servicios de terceros.<\/p>\n\n\n\n<h3 class=\"wp-block-heading\"><strong><u>Cambios en esta pol\u00edtica de privacidad<\/u><\/strong><\/h3>\n\n\n\n<p>Podemos actualizar nuestra pol\u00edtica de privacidad de vez en cuando. Le notificaremos cualquier cambio publicando la nueva pol\u00edtica de privacidad en esta p\u00e1gina.<\/p>\n\n\n\n<p>Se lo comunicaremos por correo electr\u00f3nico y\/o mediante un aviso destacado en nuestro Servicio, antes de que el cambio entre en vigor, y actualizaremos la fecha de \u00ab\u00daltima actualizaci\u00f3n\u00bb en la parte superior de esta Pol\u00edtica de Privacidad.<\/p>\n\n\n\n<p>Le recomendamos que revise peri\u00f3dicamente esta pol\u00edtica de privacidad para comprobar si se han producido cambios. Los cambios en esta pol\u00edtica de privacidad entran en vigor cuando se publican en esta p\u00e1gina.<\/p>\n\n\n\n<h3 class=\"wp-block-heading\"><strong><u>Contacto<\/u><\/strong><\/h3>\n\n\n\n<p>Si tiene alguna pregunta sobre esta pol\u00edtica de privacidad, puede ponerse en contacto con nosotros:<\/p>\n\n\n\n<p>Por correo electr\u00f3nico: contact@marbella-cribs.com<\/p>\n\n\n\n<p>Visitando esta p\u00e1gina de nuestro sitio web:&nbsp;<a href=\"https:\/\/marbella-cribs.com\/\">https:\/\/marbella-cribs.com<\/a><\/p>","protected":false},"excerpt":{"rendered":"<p>Esta pol\u00edtica de privacidad describe nuestras pol\u00edticas y procedimientos sobre la recopilaci\u00f3n, el uso y la divulgaci\u00f3n de su informaci\u00f3n cuando utiliza el Servicio y le informa sobre sus derechos de privacidad y c\u00f3mo le protege la ley. Utilizamos sus datos personales para proporcionar y mejorar el Servicio. Al utilizar el Servicio, Usted acepta la [&hellip;]<\/p>\n","protected":false},"author":1,"featured_media":0,"parent":0,"menu_order":0,"comment_status":"closed","ping_status":"closed","template":"page-templates\/page_no-header.php","meta":{"_joinchat":[],"footnotes":""},"class_list":["post-1428","page","type-page","status-publish","hentry"],"aioseo_notices":[],"meta_box":{"image":false,"faq_en":[],"faq_(spanish)":[],"faq_fr":[],"status":[]},"_links":{"self":[{"href":"https:\/\/marbella-cribs.com\/es\/wp-json\/wp\/v2\/pages\/1428","targetHints":{"allow":["GET"]}}],"collection":[{"href":"https:\/\/marbella-cribs.com\/es\/wp-json\/wp\/v2\/pages"}],"about":[{"href":"https:\/\/marbella-cribs.com\/es\/wp-json\/wp\/v2\/types\/page"}],"author":[{"embeddable":true,"href":"https:\/\/marbella-cribs.com\/es\/wp-json\/wp\/v2\/users\/1"}],"replies":[{"embeddable":true,"href":"https:\/\/marbella-cribs.com\/es\/wp-json\/wp\/v2\/comments?post=1428"}],"version-history":[{"count":8,"href":"https:\/\/marbella-cribs.com\/es\/wp-json\/wp\/v2\/pages\/1428\/revisions"}],"predecessor-version":[{"id":3408,"href":"https:\/\/marbella-cribs.com\/es\/wp-json\/wp\/v2\/pages\/1428\/revisions\/3408"}],"wp:attachment":[{"href":"https:\/\/marbella-cribs.com\/es\/wp-json\/wp\/v2\/media?parent=1428"}],"curies":[{"name":"wp","href":"https:\/\/api.w.org\/{rel}","templated":true}]}}