{"id":1430,"date":"2023-03-07T08:49:01","date_gmt":"2023-03-07T07:49:01","guid":{"rendered":"https:\/\/marbellacribs.isabellatech.co\/?page_id=1430"},"modified":"2023-05-09T18:01:48","modified_gmt":"2023-05-09T16:01:48","slug":"cookie-policy","status":"publish","type":"page","link":"https:\/\/marbella-cribs.com\/es\/politica-de-cookies\/","title":{"rendered":"Pol\u00edtica de Cookies"},"content":{"rendered":"<p><strong>\u00bfQu\u00e9 son las cookies?<\/strong><\/p>\n\n\n\n<p><strong>Marbella Cribs\u00a0<\/strong>cuya denominaci\u00f3n social es\u00a0<strong>Marbella Cribs Group S.L<\/strong> es responsable de la p\u00e1gina web\u00a0<a href=\"https:\/\/marbella-cribs.com\" title=\"\">marbella-cribs.com<\/a>, y utiliza cookies y\/u otros archivos de funcionalidad similar.<\/p>\n\n\n\n<p>Las Cookies son peque\u00f1os archivos de datos que se env\u00edan al ordenador del usuario, tel\u00e9fono m\u00f3vil u otro dispositivo de acceso cuando visita una p\u00e1gina web y que permiten obtener informaci\u00f3n relativa a su navegaci\u00f3n o un c\u00f3digo que permite identificar un\u00edvocamente al usuario.&nbsp;<\/p>\n\n\n\n<p>Las cookies son utilizadas para que la web funcione correctamente y de manera eficiente ya que proporciona informaci\u00f3n a los propietarios del sitio web. De manera adicional, las cookies se utilizan para hacer an\u00e1lisis de navegaci\u00f3n y estad\u00edsticas de uso. Las cookies nos permiten, entre otras cosas, almacenar y recuperar informaci\u00f3n sobre sus h\u00e1bitos de navegaci\u00f3n y de su equipo y, dependiendo de la informaci\u00f3n que contenga y de la que utilice su dispositivo, pueden utilizarse para reconocer e identificar al usuario con el fin de mejorar la experiencia de navegaci\u00f3n.&nbsp;<\/p>\n\n\n\n<p>Si prefiere no enviar cookies a nuestros sistemas puede desactivarlas y controlarlas a trav\u00e9s de la configuraci\u00f3n del navegador o borr\u00e1ndolas del navegador cuando finalice su visita.&nbsp;&nbsp;<\/p>\n\n\n\n<p><strong>Tipolog\u00eda de cookies y finalidades de uso<\/strong><\/p>\n\n\n\n<p>La p\u00e1gina web&nbsp;<a href=\"http:\/\/www.solvilla.es\/\">marbella-cribs.com<\/a>&nbsp;utiliza Cookies de sesi\u00f3n y\/o Cookies persistentes que, a su vez, pueden ser Cookies propias y\/o de terceros.&nbsp;<\/p>\n\n\n\n<ul class=\"wp-block-list\">\n<li>Las Cookies de sesi\u00f3n son cookies dise\u00f1adas para recabar y almacenar datos mientras el usuario accede a una p\u00e1gina web. Se suelen emplear para almacenar informaci\u00f3n que solo interesa conservar para la prestaci\u00f3n del servicio solicitado por el usuario en una sola ocasi\u00f3n.&nbsp;<\/li>\n\n\n\n<li>Las Cookies persistentes son un tipo de cookies en el que los datos siguen almacenados en el terminal y a los que se puede acceder y tratar durante un periodo definido por el responsable de la cookie, y que puede ir de unos minutos a varios a\u00f1os.<\/li>\n\n\n\n<li>Cookies propias: Las creadas o gestionadas por el responsable de la p\u00e1gina web Marbella Cribs Group S.L. La p\u00e1gina web https:\/\/marbella-cribs.com, utiliza Cookies propias con las siguientes finalidades:\n<ul class=\"wp-block-list\">\n<li><strong>T\u00e9cnicas<\/strong>: permiten al usuario la navegaci\u00f3n la utilizaci\u00f3n de las diferentes opciones o servicios que en ella existan como, por ejemplo, controlar el tr\u00e1fico y la comunicaci\u00f3n de datos, identificar la sesi\u00f3n, acceder a partes de acceso restringido, utilizar elementos de seguridad durante la navegaci\u00f3n, almacenar contenidos.<\/li>\n<\/ul>\n<\/li>\n\n\n\n<li>Cookies de terceros: Las administradas por prestadores de servicios ajenos a&nbsp;Marbella Cribs Group S.L.\n<ul class=\"wp-block-list\">\n<li><strong>Anal\u00edticas:<\/strong>&nbsp;Permiten conocer c\u00f3mo interact\u00faan los usuarios con el Sitio web. Entre otros, la informaci\u00f3n que obtienen est\u00e1 relacionada por ejemplo con el n\u00famero de p\u00e1ginas vistas, el idioma, el n\u00famero de usuarios que nos visitan, la frecuencia y reincidencia de las visitas, el tiempo de visita, y el navegador utilizado. La informaci\u00f3n recopilada siempre es an\u00f3nima de tal forma que no se podr\u00e1 establecer un v\u00ednculo entre \u00e9sta y la persona f\u00edsica a qui\u00e9n se refiere.<\/li>\n<\/ul>\n<\/li>\n<\/ul>\n\n\n\n<p>A continuaci\u00f3n, se detallan las cookies utilizadas en la Web:<\/p>\n\n\n\n<figure class=\"wp-block-table\"><table><tbody><tr><td>Finalidad<\/td><td>Cookie<\/td><td>Titularidad<\/td><td>Plazo de conservaci\u00f3n<\/td><\/tr><tr><td><br><strong>Cookies anal\u00edticas:&nbsp;<\/strong>Permiten conocer c\u00f3mo interact\u00faan los usuarios con el Sitio web. Entre otros, la informaci\u00f3n que obtienen est\u00e1 relacionada por ejemplo con el n\u00famero de p\u00e1ginas vistas, el idioma, el n\u00famero de usuarios que nos visitan, la frecuencia y reincidencia de las visitas, el tiempo de visita, y el navegador utilizado. La informaci\u00f3n recopilada siempre es an\u00f3nima de tal forma que no se podr\u00e1 establecer un v\u00ednculo entre \u00e9sta y la persona f\u00edsica a qui\u00e9n se refiere.<br>Las cookies anal\u00edticas implementadas en nuestra Web se utilizan para elaborar perfiles de navegaci\u00f3n y poder conocer las preferencias de los usuarios, con el fin de mejorar la oferta de productos y servicios.<\/td><td><em>_ga<\/em><br><br><em>_gid<\/em><br><br><em>_gat<\/em><\/td><td><em>Google<\/em><\/td><td><em>2 a\u00f1os<\/em><br><br><em>24 horas<\/em><br><br><em>1 minuto<\/em><\/td><\/tr><tr><td><br><strong>Cookies t\u00e9cnicas:&nbsp;<\/strong>Son aquellas cookies esenciales para el funcionamiento del Sitio web como por ejemplo para identificar la conexi\u00f3n del navegador del usuario, controlar la comunicaci\u00f3n de datos y mantener la seguridad del usuario en la navegaci\u00f3n.<\/td><td><em>CookieConsent Para controlar si ha aceptado las cookies<\/em><em><br><\/em><em><br><\/em><em>Cookie: wp-lang&nbsp;<\/em><em>Controla el idioma que el usuario ha seleccionado<\/em><\/td><td>Marbella Cribs Group<\/td><td><em>2 a\u00f1os<\/em><br><br><em>2 a\u00f1os<\/em><\/td><\/tr><\/tbody><\/table><\/figure>\n\n\n\n<p><strong>Periodo de conservaci\u00f3n<\/strong><\/p>\n\n\n\n<p>En el caso de las cookies se podr\u00e1n tratar los datos mientras mantenga su consentimiento para su instalaci\u00f3n y durante la duraci\u00f3n de la instalaci\u00f3n de estas, siendo 2 a\u00f1os el plazo m\u00e1ximo.<\/p>\n\n\n\n<p><strong>Transferencias internacionales<\/strong><\/p>\n\n\n\n<p>Las cookies de terceros que se utilizan en la Web pertenecen a Google Inc. con domicilio en los Estados Unidos, por lo que sus tratamientos de datos suponen una transferencia internacional de datos a un pa\u00eds que no tiene un nivel de protecci\u00f3n equiparable al europeo.&nbsp;<\/p>\n\n\n\n<p>Puede encontrar informaci\u00f3n que estas Compa\u00f1\u00edas facilitan sobre las garant\u00edas adecuadas para transferir datos internacionalmente en Google:&nbsp;<a href=\"https:\/\/policies.google.com\/privacy\/frameworks?hl=en-US\">https:\/\/policies.google.com\/privacy\/frameworks?hl=en-US<\/a>.&nbsp;<\/p>\n\n\n\n<p><strong>Desactivaci\u00f3n o eliminaci\u00f3n de cookies<\/strong><\/p>\n\n\n\n<p>Puede configurar sus preferencias o borrar las cookies desde nuestro Panel de configuraci\u00f3n de forma muy sencilla.<\/p>\n\n\n\n<p>Asimismo, la mayor\u00eda de los navegadores web permite gestionar, en cualquier momento, las preferencias del usuario sobre el uso de las Cookies. El usuario puede ajustar su navegador para que rechace Cookies o elimine determinadas Cookies seg\u00fan su criterio.<br>Para la configuraci\u00f3n de las Cookies el usuario puede acceder a:<\/p>\n\n\n\n<p>\u2013&nbsp;<a href=\"https:\/\/support.google.com\/chrome\/answer\/95647?co=GENIE.Platform=Desktop&amp;&amp;hl=es\">Google Chrome<br><\/a>\u2013&nbsp;<a href=\"https:\/\/support.mozilla.org\/es\/kb\/impedir-que-los-sitios-web-guarden-sus-preferencia\">Mozilla Firefox<br><\/a>\u2013&nbsp;<a href=\"https:\/\/support.microsoft.com\/es-es\/help\/17442\/windows-internet-explorer-delete-manage-cookies\">Internet Explorer<br><\/a>\u2013&nbsp;<a href=\"https:\/\/support.microsoft.com\/es-es\/help\/4468242\/microsoft-edge-browsing-data-and-privacy-microsoft-privacy\">Microsoft Edge<br><\/a>\u2013&nbsp;<a href=\"https:\/\/support.apple.com\/es-es\/HT201265\">Safari<br><\/a>\u2013&nbsp;<a href=\"https:\/\/help.opera.com\/en\/latest\/web-preferences\/#cookies\">Opera 19<br><br><\/a>El usuario puede revocar su consentimiento para el uso de Cookies en su navegador a trav\u00e9s de las indicaciones anteriores o a trav\u00e9s de la instalaci\u00f3n de un sistema de rechazo, (\u201copt-out\u201d) en su navegador web.&nbsp;<\/p>\n\n\n\n<p>En el caso de las Cookies de&nbsp;Google Analytics,&nbsp;el opt-out puede realizarse a trav\u00e9s del siguiente enlace.<a href=\"https:\/\/policies.google.com\/privacy?hl=en-US\">https:\/\/policies.google.com\/privacy?hl=en-US<\/a>.<\/p>\n\n\n\n<p>El usuario debe tener en cuenta que algunas caracter\u00edsticas de los contenidos de la P\u00e1gina Web https:\/\/marbella-cribs.com solo est\u00e1n disponibles si se permite la instalaci\u00f3n de Cookies en su navegador. Si decide no aceptar o bloquear determinadas Cookies (en funci\u00f3n de su finalidad), puede que esto afecte, total o parcialmente, al funcionamiento normal de la P\u00e1gina Web o que impida el acceso a algunos servicios de la misma.&nbsp;<\/p>\n\n\n\n<p><strong>Ejercicio de derechos y m\u00e1s informaci\u00f3n sobre la pol\u00edtica de protecci\u00f3n de datos<\/strong><\/p>\n\n\n\n<p>Puede ejercer sus derechos de acceso, rectificaci\u00f3n, supresi\u00f3n, portabilidad, oposici\u00f3n, limitaci\u00f3n al tratamiento o a no ser objeto de decisiones automatizadas por parte del Responsable del tratamiento dirigiendo una comunicaci\u00f3n por escrito a Urb. El Soto de la Quinta, Bloque 1BD, 29679 Benahavis, M\u00e1laga o a trav\u00e9s de la direcci\u00f3n electr\u00f3nica:\u00a0<a href=\"mailto:contact@marbella-cribs.com\">contact@marbella-cribs.com<\/a>. Puede obtener m\u00e1s informaci\u00f3n sobre el tratamiento de sus datos personales en nuestra\u00a0<strong><a href=\"https:\/\/marbella-cribs.com\/politica-de-privacidad\/\" title=\"Pol\u00edtica de Privacidad\">Pol\u00edtica de Privacidad Web.\u00a0<\/a><\/strong><\/p>\n\n\n\n<p>Para el ejercicio de derechos frente a Google remiti\u00e9ndose a lo previsto en su pol\u00edtica de privacidad de Google:<a href=\"https:\/\/policies.google.com\/privacy?hl=en-US\">https:\/\/policies.google.com\/privacy?hl=en-US<\/a>.&nbsp;<\/p>\n\n\n\n<p>Adem\u00e1s, puede dirigir una reclamaci\u00f3n ante la Agencia Espa\u00f1ola de Protecci\u00f3n de Datos en caso de que considere que no se ha realizado un tratamiento correcto de sus datos o hemos vulnerado alguno de sus derechos.<a href=\"https:\/\/www.aepd.es\/\">https:\/\/www.aepd.es\/<\/a>.<\/p>\n\n\n\n<p><strong>Actualizaciones y cambios en la pol\u00edtica de cookies<\/strong><\/p>\n\n\n\n<p><strong><br><\/strong>Marbella Cribs puede modificar esta Pol\u00edtica de Cookies en funci\u00f3n de nuevas exigencias legislativas, reglamentarias, o con la finalidad de adaptar dicha pol\u00edtica a las instrucciones dictadas por la Agencia Espa\u00f1ola de Protecci\u00f3n de Datos.<\/p>\n\n\n\n<p>Si desea m\u00e1s informaci\u00f3n sobre qu\u00e9 uso hacemos de las Cookies, puede enviarnos un e-mail a:&nbsp;<a href=\"mailto:contact@marbella-cribs.com\">contact@marbella-cribs.com<\/a>.<\/p>","protected":false},"excerpt":{"rendered":"<p>\u00bfQu\u00e9 son las cookies? Marbella Cribs\u00a0cuya denominaci\u00f3n social es\u00a0Marbella Cribs Group S.L es responsable de la p\u00e1gina web\u00a0marbella-cribs.com, y utiliza cookies y\/u otros archivos de funcionalidad similar. Las Cookies son peque\u00f1os archivos de datos que se env\u00edan al ordenador del usuario, tel\u00e9fono m\u00f3vil u otro dispositivo de acceso cuando visita una p\u00e1gina web y que [&hellip;]<\/p>\n","protected":false},"author":1,"featured_media":0,"parent":0,"menu_order":0,"comment_status":"closed","ping_status":"closed","template":"page-templates\/page_no-header.php","meta":{"_joinchat":[],"footnotes":""},"class_list":["post-1430","page","type-page","status-publish","hentry"],"aioseo_notices":[],"meta_box":{"image":false,"faq_en":[],"faq_(spanish)":[],"faq_fr":[],"status":[]},"_links":{"self":[{"href":"https:\/\/marbella-cribs.com\/es\/wp-json\/wp\/v2\/pages\/1430","targetHints":{"allow":["GET"]}}],"collection":[{"href":"https:\/\/marbella-cribs.com\/es\/wp-json\/wp\/v2\/pages"}],"about":[{"href":"https:\/\/marbella-cribs.com\/es\/wp-json\/wp\/v2\/types\/page"}],"author":[{"embeddable":true,"href":"https:\/\/marbella-cribs.com\/es\/wp-json\/wp\/v2\/users\/1"}],"replies":[{"embeddable":true,"href":"https:\/\/marbella-cribs.com\/es\/wp-json\/wp\/v2\/comments?post=1430"}],"version-history":[{"count":15,"href":"https:\/\/marbella-cribs.com\/es\/wp-json\/wp\/v2\/pages\/1430\/revisions"}],"predecessor-version":[{"id":3427,"href":"https:\/\/marbella-cribs.com\/es\/wp-json\/wp\/v2\/pages\/1430\/revisions\/3427"}],"wp:attachment":[{"href":"https:\/\/marbella-cribs.com\/es\/wp-json\/wp\/v2\/media?parent=1430"}],"curies":[{"name":"wp","href":"https:\/\/api.w.org\/{rel}","templated":true}]}}