{"id":17,"date":"2023-02-03T09:17:44","date_gmt":"2023-02-03T09:17:44","guid":{"rendered":"https:\/\/marbellacribs.isabellatech.co\/?page_id=17"},"modified":"2024-07-04T14:32:53","modified_gmt":"2024-07-04T12:32:53","slug":"services","status":"publish","type":"page","link":"https:\/\/marbella-cribs.com\/es\/nuestros-servicios\/","title":{"rendered":"Nuestros Servicios"},"content":{"rendered":"<p>Multiling\u00fce y preocupado, Marbella Cribs Group puede satisfacer las necesidades de sus clientes internacionales y locales. Nuestra empresa sirve a los intereses exclusivos de nuestros clientes con el fin de proporcionarles soluciones \u00fanicas y personalizadas relacionadas con la venta de bienes ra\u00edces, gesti\u00f3n de la propiedad, alquileres vacacionales y servicios de conserjer\u00eda en Marbella.<\/p>","protected":false},"excerpt":{"rendered":"<p>Multiling\u00fce y preocupado, Marbella Cribs Group puede satisfacer las necesidades de sus clientes internacionales y locales. Nuestra empresa sirve a los intereses exclusivos de nuestros clientes con el fin de proporcionarles soluciones \u00fanicas y personalizadas relacionadas con la venta de bienes ra\u00edces, gesti\u00f3n de la propiedad, alquileres vacacionales y servicios de conserjer\u00eda en Marbella.<\/p>\n","protected":false},"author":1,"featured_media":24040,"parent":0,"menu_order":0,"comment_status":"closed","ping_status":"closed","template":"page-templates\/page_services.php","meta":{"_joinchat":[],"footnotes":""},"class_list":["post-17","page","type-page","status-publish","has-post-thumbnail","hentry"],"aioseo_notices":[],"meta_box":{"image":false,"faq_en":[],"faq_(spanish)":[],"faq_fr":[],"status":[]},"_links":{"self":[{"href":"https:\/\/marbella-cribs.com\/es\/wp-json\/wp\/v2\/pages\/17","targetHints":{"allow":["GET"]}}],"collection":[{"href":"https:\/\/marbella-cribs.com\/es\/wp-json\/wp\/v2\/pages"}],"about":[{"href":"https:\/\/marbella-cribs.com\/es\/wp-json\/wp\/v2\/types\/page"}],"author":[{"embeddable":true,"href":"https:\/\/marbella-cribs.com\/es\/wp-json\/wp\/v2\/users\/1"}],"replies":[{"embeddable":true,"href":"https:\/\/marbella-cribs.com\/es\/wp-json\/wp\/v2\/comments?post=17"}],"version-history":[{"count":7,"href":"https:\/\/marbella-cribs.com\/es\/wp-json\/wp\/v2\/pages\/17\/revisions"}],"predecessor-version":[{"id":2160,"href":"https:\/\/marbella-cribs.com\/es\/wp-json\/wp\/v2\/pages\/17\/revisions\/2160"}],"wp:featuredmedia":[{"embeddable":true,"href":"https:\/\/marbella-cribs.com\/es\/wp-json\/wp\/v2\/media\/24040"}],"wp:attachment":[{"href":"https:\/\/marbella-cribs.com\/es\/wp-json\/wp\/v2\/media?parent=17"}],"curies":[{"name":"wp","href":"https:\/\/api.w.org\/{rel}","templated":true}]}}