{"id":23,"date":"2023-02-03T09:18:05","date_gmt":"2023-02-03T09:18:05","guid":{"rendered":"https:\/\/marbellacribs.isabellatech.co\/?page_id=23"},"modified":"2023-05-19T16:13:08","modified_gmt":"2023-05-19T14:13:08","slug":"contact","status":"publish","type":"page","link":"https:\/\/marbella-cribs.com\/es\/contact\/","title":{"rendered":"Contacto"},"content":{"rendered":"<p>El equipo multiling\u00fce de Marbella Cribs Group est\u00e1 siempre a su disposici\u00f3n para ayudarle con sus preguntas sobre inmobiliaria, alquiler y venta de vacaciones, pero tambi\u00e9n con la planificaci\u00f3n de su viaje. Por lo tanto, no dude en ponerse en contacto con nosotros. Estamos operativos 24 horas al d\u00eda, 7 d\u00edas a la semana para estar a su servicio, para planificar su mejor experiencia en Marbella.<\/p>","protected":false},"excerpt":{"rendered":"<p>El equipo multiling\u00fce de Marbella Cribs Group est\u00e1 siempre a su disposici\u00f3n para ayudarle con sus preguntas sobre inmobiliaria, alquiler y venta de vacaciones, pero tambi\u00e9n con la planificaci\u00f3n de su viaje. Por lo tanto, no dude en ponerse en contacto con nosotros. Estamos operativos 24 horas al d\u00eda, 7 d\u00edas a la semana para [&hellip;]<\/p>\n","protected":false},"author":1,"featured_media":4206,"parent":0,"menu_order":0,"comment_status":"closed","ping_status":"closed","template":"page-templates\/page_contact.php","meta":{"_joinchat":[],"footnotes":""},"class_list":["post-23","page","type-page","status-publish","has-post-thumbnail","hentry"],"aioseo_notices":[],"meta_box":{"image":false,"faq_en":[],"faq_(spanish)":[],"faq_fr":[],"status":[]},"_links":{"self":[{"href":"https:\/\/marbella-cribs.com\/es\/wp-json\/wp\/v2\/pages\/23","targetHints":{"allow":["GET"]}}],"collection":[{"href":"https:\/\/marbella-cribs.com\/es\/wp-json\/wp\/v2\/pages"}],"about":[{"href":"https:\/\/marbella-cribs.com\/es\/wp-json\/wp\/v2\/types\/page"}],"author":[{"embeddable":true,"href":"https:\/\/marbella-cribs.com\/es\/wp-json\/wp\/v2\/users\/1"}],"replies":[{"embeddable":true,"href":"https:\/\/marbella-cribs.com\/es\/wp-json\/wp\/v2\/comments?post=23"}],"version-history":[{"count":3,"href":"https:\/\/marbella-cribs.com\/es\/wp-json\/wp\/v2\/pages\/23\/revisions"}],"predecessor-version":[{"id":1577,"href":"https:\/\/marbella-cribs.com\/es\/wp-json\/wp\/v2\/pages\/23\/revisions\/1577"}],"wp:featuredmedia":[{"embeddable":true,"href":"https:\/\/marbella-cribs.com\/es\/wp-json\/wp\/v2\/media\/4206"}],"wp:attachment":[{"href":"https:\/\/marbella-cribs.com\/es\/wp-json\/wp\/v2\/media?parent=23"}],"curies":[{"name":"wp","href":"https:\/\/api.w.org\/{rel}","templated":true}]}}