{"id":287,"date":"2023-02-16T13:56:21","date_gmt":"2023-02-16T13:56:21","guid":{"rendered":"https:\/\/marbellacribs.isabellatech.co\/?page_id=287"},"modified":"2023-05-01T18:12:35","modified_gmt":"2023-05-01T16:12:35","slug":"area-guide","status":"publish","type":"page","link":"https:\/\/marbella-cribs.com\/es\/guia-de-areas\/","title":{"rendered":"Gu\u00eda de \u00c1reas"},"content":{"rendered":"<p>Nuestra experiencia del tiempo y del mundo se transforma cuando escapamos de nuestra vida cotidiana y descubrimos otros paisajes. La serenidad es el punto de equilibrio entre el aislamiento y la animaci\u00f3n. Marbella est\u00e1 llena de atm\u00f3sferas diferentes que favorecen este equilibrio. Su entorno urbano rebosa energ\u00eda, mientras que su naturaleza y cultura ralentizan el ritmo, anim\u00e1ndonos a centrarnos en el momento y apreciar la majestuosidad atemporal de la monta\u00f1a y el mar, los bosques y las dunas. Este destino es una respuesta directa y sincera al aislamiento de la rutina. Descubra la ambici\u00f3n y el dinamismo de la ciudad, aprecie los paisajes dram\u00e1ticos y de otro mundo de los alrededores y viva el esplendor mar\u00edtimo. \u00a1Descubramos Marbella!<\/p>","protected":false},"excerpt":{"rendered":"<p>Nuestra experiencia del tiempo y del mundo se transforma cuando escapamos de nuestra vida cotidiana y descubrimos otros paisajes. La serenidad es el punto de equilibrio entre el aislamiento y la animaci\u00f3n. Marbella est\u00e1 llena de atm\u00f3sferas diferentes que favorecen este equilibrio. Su entorno urbano rebosa energ\u00eda, mientras que su naturaleza y cultura ralentizan el [&hellip;]<\/p>\n","protected":false},"author":1,"featured_media":517,"parent":0,"menu_order":0,"comment_status":"closed","ping_status":"closed","template":"page-templates\/page_areas.php","meta":{"_joinchat":[],"footnotes":""},"class_list":["post-287","page","type-page","status-publish","has-post-thumbnail","hentry"],"aioseo_notices":[],"meta_box":{"image":false,"faq_en":[],"faq_(spanish)":[],"faq_fr":[],"status":[]},"_links":{"self":[{"href":"https:\/\/marbella-cribs.com\/es\/wp-json\/wp\/v2\/pages\/287","targetHints":{"allow":["GET"]}}],"collection":[{"href":"https:\/\/marbella-cribs.com\/es\/wp-json\/wp\/v2\/pages"}],"about":[{"href":"https:\/\/marbella-cribs.com\/es\/wp-json\/wp\/v2\/types\/page"}],"author":[{"embeddable":true,"href":"https:\/\/marbella-cribs.com\/es\/wp-json\/wp\/v2\/users\/1"}],"replies":[{"embeddable":true,"href":"https:\/\/marbella-cribs.com\/es\/wp-json\/wp\/v2\/comments?post=287"}],"version-history":[{"count":5,"href":"https:\/\/marbella-cribs.com\/es\/wp-json\/wp\/v2\/pages\/287\/revisions"}],"predecessor-version":[{"id":2425,"href":"https:\/\/marbella-cribs.com\/es\/wp-json\/wp\/v2\/pages\/287\/revisions\/2425"}],"wp:featuredmedia":[{"embeddable":true,"href":"https:\/\/marbella-cribs.com\/es\/wp-json\/wp\/v2\/media\/517"}],"wp:attachment":[{"href":"https:\/\/marbella-cribs.com\/es\/wp-json\/wp\/v2\/media?parent=287"}],"curies":[{"name":"wp","href":"https:\/\/api.w.org\/{rel}","templated":true}]}}