{"id":433,"date":"2023-02-19T15:36:14","date_gmt":"2023-02-19T15:36:14","guid":{"rendered":"https:\/\/marbellacribs.isabellatech.co\/?page_id=433"},"modified":"2025-01-31T14:06:33","modified_gmt":"2025-01-31T13:06:33","slug":"test-3","status":"publish","type":"page","link":"https:\/\/marbella-cribs.com\/es\/sobre-nosotros\/","title":{"rendered":"Sobre Nosotros"},"content":{"rendered":"<section class=\"bg-white\">\n  <div class=\"container grid lg:grid-cols-2\">\n    <div class=\"row-span-5 md:pr-16 lg:pr-24\"><img decoding=\"async\" alt=\"\" src=\"https:\/\/marbella-cribs.com\/wp-content\/uploads\/2024\/07\/img-50-1.jpg\" class=\"object-cover w-full h-full max-h-[50vh]\">\n    <\/div>\n    <div class=\"row-span-2 pb-20 lg:pt-20 max-lg:row-start-1 max-lg:row-span-1\">\n      <p>\u00abCribs\u00bb es una expresi\u00f3n estadounidense con m\u00faltiples definiciones. La nuestra se acerca m\u00e1s a \u00abHogar\u00bb.<\/p>\n<p>Antes de su creaci\u00f3n, Marbella Cribs Group ha evolucionado org\u00e1nicamente durante m\u00e1s de un a\u00f1o para convertirse en una de las agencias inmobiliarias m\u00e1s exitosas y exclusivas de Marbella. Marbella Cribs atiende a una clientela que busca desaf\u00edo, confianza y la mejor relaci\u00f3n calidad-precio. Estos tres criterios son los pilares de nuestra agencia inmobiliaria Marbella Cribs Group. El viaje de nuestra agencia ha sido inspirado por una intenci\u00f3n singular y aut\u00e9ntica: proporcionar un nivel de servicio que nunca se ha implementado antes en Marbella. Incomparable en todos los sentidos.<\/p>\n    <\/div>\n    <div class=\"flex items-end row-span-5 mg:pl-16 lg:pl-24\"><img decoding=\"async\" alt=\"\" src=\"https:\/\/marbella-cribs.com\/wp-content\/uploads\/2025\/01\/Marbella-Cribs-Group-Team3.jpg\" class=\"object-cover w-full h-full max-h-[50vh]\"><\/div>\n    <div class=\"row-span-2 pt-20 \">\n      <h2>Marbella Cribs Group<\/h2>\n<p>Para nosotros, el sector inmobiliario no es solo un trabajo, es una vocaci\u00f3n. Creemos firmemente en la importancia de trabajar en un campo que nos convenga, donde podamos utilizar nuestro conocimiento y nuestra red de contactos para ofrecer el mejor servicio a nuestros clientes. El sector inmobiliario es un campo din\u00e1mico y gratificante porque tenemos el privilegio de ayudar a las personas a alcanzar sus sue\u00f1os y encontrar su hogar ideal.<\/p>\n<p>Elegimos instalarnos en Marbella, una ciudad extraordinaria para vivir, y no fue casualidad. Marbella ofrece un estilo de vida como ning\u00fan otro, con sus impresionantes playas, clima soleado durante todo el a\u00f1o y una pr\u00f3spera escena cultural. Adem\u00e1s, el mercado inmobiliario de Marbella es excepcional con una gran diversidad de propiedades.<\/p>\n<p>Estamos orgullosos de representar este mercado inmobiliario \u00fanico y guiar a nuestros clientes a trav\u00e9s de las oportunidades incomparables que Marbella tiene para ofrecer.<\/p>\n    <\/div>\n  <\/div>\n<\/section>\n\n<section class=\"bg-light\">\n  <h2 class=\"mb-12 text-center\">Equipo<\/h2>\n  <div class=\"container flex flex-col gap-32 text-center lg:flex-row justify-evenly\">\n          <div class=\"\">\n        <img decoding=\"async\" alt=\"Alexandre Vanel &#8211; Marbella Cribs Group\" src=\"https:\/\/marbella-cribs.com\/wp-content\/uploads\/2023\/02\/IMG_1391-700x700.jpg\" class=\"object-cover w-full mb-4 aspect-square\">\n        <h3 class=\"mb-2\">Alexandre Vanel<\/h3>\n        <b class=\"mb-1\">Asesor Inmobiliario y Fundador<\/b>\n        <div class=\"mb-3\"><a href=\"mailto:alexandre@marbella-cribs.com\">alexandre@marbella-cribs.com<\/a><\/div>\n        <div class=\"flex justify-center gap-4 mb-8\">\n                      <img decoding=\"async\" alt=\"Language en\" src=\"https:\/\/marbella-cribs.com\/wp-content\/themes\/marbellacribs\/assets\/langs\/en.png\" class=\"w-6\">\n                      <img decoding=\"async\" alt=\"Language es\" src=\"https:\/\/marbella-cribs.com\/wp-content\/themes\/marbellacribs\/assets\/langs\/es.png\" class=\"w-6\">\n                      <img decoding=\"async\" alt=\"Language fr\" src=\"https:\/\/marbella-cribs.com\/wp-content\/themes\/marbellacribs\/assets\/langs\/fr.png\" class=\"w-6\">\n                  <\/div>\n        <button class=\"btn-white\" onclick=\"toogleVisibilityAndBlock('bio-457')\">Ver biograf\u00eda<\/button>\n      <\/div>\n      <div id=\"bio-457\" class=\"fixed top-0 left-0 z-20 hidden w-full h-full overflow-auto text-white animate__faster animate__animated animate__fadeOutDown bg-primary\">\n        <button onclick=\"toogleVisibilityAndBlock('bio-457')\" class=\"absolute top-4 right-4 lg:top-16 lg:right-16\">\n          <svg width=\"25\" height=\"25\" viewBox=\"0 0 34 34\" fill=\"none\" xmlns=\"http:\/\/www.w3.org\/2000\/svg\">\n            <path d=\"M1 33L33 1M1 1L33 33\" stroke=\"white\" stroke-width=\"2\" stroke-linecap=\"round\" stroke-linejoin=\"round\" \/>\n          <\/svg>\n        <\/button>\n        <section class=\"py-14 lg:py-32\">\n          <div class=\"container grid grid-cols-2 text-left gap-y-8 gap-x-16 \">\n            <div class=\"\">\n              <h2>Alexandre Vanel<\/h2>\n              <b class=\"mb-1\">Asesor Inmobiliario y Fundador<\/b>\n              <div class=\"mb-2\"><a href=\"mailto:alexandre@marbella-cribs.com\">alexandre@marbella-cribs.com<\/a><\/div>\n              <div class=\"mb-2\"><a href=\"tel:+34 623 443 213\">+34 623 443 213<\/a><\/div>\n              <div class=\"flex gap-4 mb-8\">\n                                  <img decoding=\"async\" alt=\"Language en\" src=\"https:\/\/marbella-cribs.com\/wp-content\/themes\/marbellacribs\/assets\/langs\/en.png\" class=\"w-6\">\n                                  <img decoding=\"async\" alt=\"Language es\" src=\"https:\/\/marbella-cribs.com\/wp-content\/themes\/marbellacribs\/assets\/langs\/es.png\" class=\"w-6\">\n                                  <img decoding=\"async\" alt=\"Language fr\" src=\"https:\/\/marbella-cribs.com\/wp-content\/themes\/marbellacribs\/assets\/langs\/fr.png\" class=\"w-6\">\n                              <\/div>\n            <\/div>\n            <img decoding=\"async\" alt=\"Alexandre Vanel &#8211; Marbella Cribs Group\" src=\"https:\/\/marbella-cribs.com\/wp-content\/uploads\/2023\/02\/IMG_1391.jpg \" class=\"min-w-0 lg:row-span-2 basis-2\/5\">\n            <div class=\"col-span-2 lg:col-span-1\">\n              <p>Alexandre Vanel es empresario, agente inmobiliario y promotor, y especialista en la ejecuci\u00f3n de empresas j\u00f3venes con gran potencial de crecimiento.<\/p>\n<p>Tras crear una empresa vin\u00edcola internacional originaria de Borgo\u00f1a y exportada a Hong Kong, de la que fue copropietario, promotor y dise\u00f1ador, obtuvo un m\u00e1ster en Finanzas Corporativas.<\/p>\n<p>Su padre es el fundador de una empresa de construcci\u00f3n y arquitectura con sede en los alrededores del lago Lem\u00e1n, en la que Alexandre Vanel particip\u00f3 principalmente en la ampliaci\u00f3n que permiti\u00f3 la realizaci\u00f3n de varias promociones inmobiliarias en la regi\u00f3n de Ginebra. Desde entonces ha sido empresario inmobiliario.<\/p>\n<p>En 2016, es ejecutivo en una multinacional en Ginebra, permanece cinco a\u00f1os consecutivos.<\/p>\n<p>Desde 2021, \u00e9l y su socio son fundadores y creadores de Marbella Cribs Group en Marbella. Esta entidad cubre las ventas de bienes ra\u00edces, estilo de vida, gesti\u00f3n de la propiedad, alquileres de temporada y el futuro desarrollo inmobiliario en la Costa Del Sol.<\/p>\n            <\/div>\n          <\/div>\n        <\/section>\n      <\/div>\n          <div class=\"\">\n        <img decoding=\"async\" alt=\"Tatiana Chpirnaia &#8211; Marbella Cribs Group\" src=\"https:\/\/marbella-cribs.com\/wp-content\/uploads\/2023\/08\/IMG_1415-700x700.jpg\" class=\"object-cover w-full mb-4 aspect-square\">\n        <h3 class=\"mb-2\">Tatiana Chpirnaia<\/h3>\n        <b class=\"mb-1\">Asesor Inmobiliario<\/b>\n        <div class=\"mb-3\"><a href=\"mailto:tatiana@marbella-cribs.com\">tatiana@marbella-cribs.com<\/a><\/div>\n        <div class=\"flex justify-center gap-4 mb-8\">\n                      <img decoding=\"async\" alt=\"Language en\" src=\"https:\/\/marbella-cribs.com\/wp-content\/themes\/marbellacribs\/assets\/langs\/en.png\" class=\"w-6\">\n                      <img decoding=\"async\" alt=\"Language es\" src=\"https:\/\/marbella-cribs.com\/wp-content\/themes\/marbellacribs\/assets\/langs\/es.png\" class=\"w-6\">\n                      <img decoding=\"async\" alt=\"Language fr\" src=\"https:\/\/marbella-cribs.com\/wp-content\/themes\/marbellacribs\/assets\/langs\/fr.png\" class=\"w-6\">\n                      <img decoding=\"async\" alt=\"Language ru\" src=\"https:\/\/marbella-cribs.com\/wp-content\/themes\/marbellacribs\/assets\/langs\/ru.png\" class=\"w-6\">\n                  <\/div>\n        <button class=\"btn-white\" onclick=\"toogleVisibilityAndBlock('bio-7437')\">Ver biograf\u00eda<\/button>\n      <\/div>\n      <div id=\"bio-7437\" class=\"fixed top-0 left-0 z-20 hidden w-full h-full overflow-auto text-white animate__faster animate__animated animate__fadeOutDown bg-primary\">\n        <button onclick=\"toogleVisibilityAndBlock('bio-7437')\" class=\"absolute top-4 right-4 lg:top-16 lg:right-16\">\n          <svg width=\"25\" height=\"25\" viewBox=\"0 0 34 34\" fill=\"none\" xmlns=\"http:\/\/www.w3.org\/2000\/svg\">\n            <path d=\"M1 33L33 1M1 1L33 33\" stroke=\"white\" stroke-width=\"2\" stroke-linecap=\"round\" stroke-linejoin=\"round\" \/>\n          <\/svg>\n        <\/button>\n        <section class=\"py-14 lg:py-32\">\n          <div class=\"container grid grid-cols-2 text-left gap-y-8 gap-x-16 \">\n            <div class=\"\">\n              <h2>Tatiana Chpirnaia<\/h2>\n              <b class=\"mb-1\">Asesor Inmobiliario<\/b>\n              <div class=\"mb-2\"><a href=\"mailto:tatiana@marbella-cribs.com\">tatiana@marbella-cribs.com<\/a><\/div>\n              <div class=\"mb-2\"><a href=\"tel:+33 6 76 86 11 34\">+33 6 76 86 11 34<\/a><\/div>\n              <div class=\"flex gap-4 mb-8\">\n                                  <img decoding=\"async\" alt=\"Language en\" src=\"https:\/\/marbella-cribs.com\/wp-content\/themes\/marbellacribs\/assets\/langs\/en.png\" class=\"w-6\">\n                                  <img decoding=\"async\" alt=\"Language es\" src=\"https:\/\/marbella-cribs.com\/wp-content\/themes\/marbellacribs\/assets\/langs\/es.png\" class=\"w-6\">\n                                  <img decoding=\"async\" alt=\"Language fr\" src=\"https:\/\/marbella-cribs.com\/wp-content\/themes\/marbellacribs\/assets\/langs\/fr.png\" class=\"w-6\">\n                                  <img decoding=\"async\" alt=\"Language ru\" src=\"https:\/\/marbella-cribs.com\/wp-content\/themes\/marbellacribs\/assets\/langs\/ru.png\" class=\"w-6\">\n                              <\/div>\n            <\/div>\n            <img decoding=\"async\" alt=\"Tatiana Chpirnaia &#8211; Marbella Cribs Group\" src=\"https:\/\/marbella-cribs.com\/wp-content\/uploads\/2023\/08\/IMG_1415.jpg \" class=\"min-w-0 lg:row-span-2 basis-2\/5\">\n            <div class=\"col-span-2 lg:col-span-1\">\n              <p>Tatiana Chpirnaia es agente inmobiliaria independiente desde 2009.<\/p>\n<p>Despu\u00e9s de graduarse en Administraci\u00f3n de Empresas en EPSCI, Grupo ESSEC, y la Universidad de la Sorbona (Historia de las Artes y Arqueolog\u00eda) en Francia, y la experiencia exitosa en diversos campos profesionales, se sinti\u00f3 atra\u00edda por la actividad inmobiliaria y se integr\u00f3 en Century 21 Group en 2009, ganando \u00abTop 21 Reward\u00bb en 2011.<\/p>\n<p>En 2012, se incorpor\u00f3 a la agencia inmobiliaria de lujo John Taylor, situada en el Tri\u00e1ngulo de Oro de Par\u00eds, donde trabaj\u00f3 durante m\u00e1s de 10 a\u00f1os. Estuvo a cargo de clientes de alta gama que buscaban comprar, invertir o vender sus propiedades en Par\u00eds.<\/p>\n<p>Fascinada por Espa\u00f1a, especialmente por la regi\u00f3n de Andaluc\u00eda, su cultura, calidad de vida, la gente que viene de todo el mundo, Marbella siendo una de las joyas de la regi\u00f3n, ha elegido unirse al equipo de Marbella Cribs Group en el verano de 2023.<\/p>\n<p>Tatiana habla 4 idiomas perfectamente: Ingl\u00e9s, franc\u00e9s, espa\u00f1ol, y ruso.<\/p>\n<p>Ha elegido unirse al equipo de Marbella Cribs Group, para vivir una experiencia apasionante. Ser\u00e1 responsable de su cartera de clientes internacionales.<\/p>\n            <\/div>\n          <\/div>\n        <\/section>\n      <\/div>\n    \n  <\/div>\n<\/section>\n\n<section id=\"\" class=\"flex lg:block flex-col-reverse gap-7 max-lg:px-0  relative bg-white\">\n  <img decoding=\"async\" alt=\"\" src=\"https:\/\/marbella-cribs.com\/wp-content\/uploads\/2025\/01\/Marbella-Cribs-Group-Office.jpg\" class=\"h-full lg:absolute top-0 left-0 aspect-featured object-cover lg:w-2\/6 px-4 lg:px-0 max-lg:w-full\" \/>\n  <div class=\"container\">\n    <div class=\"lg:w-4\/6  ml-auto pl-8 max-lg:pl-0\">\n              <h2>Nuestra Oficina<\/h2>\n      \n              <div class=\"mx-lg:px-4\">\n          <p>Bienvenido a nuestra principal agencia inmobiliaria, convenientemente ubicada en el Bulevar Principe Alfonso de Hohenlohe, en la Milla de Oro de Marbella. Nuestras oficinas combinan el estilo mediterr\u00e1neo y elegante de nuestro edificio con una historia fascinante, que una vez alberg\u00f3 la famosa galer\u00eda de arte Volubilis Marbella.<br \/>Aproveche nuestra ubicaci\u00f3n privilegiada y perm\u00edtanos acompa\u00f1arlo en todas sus transacciones inmobiliarias con nuestra experiencia local. Ven a visitarnos y descubre c\u00f3mo podemos hacer realidad tus sue\u00f1os inmobiliarios en uno de los destinos m\u00e1s deseados de Espa\u00f1a.<\/p>\n        <\/div>\n      \n          <\/div>\n  <\/div>\n<\/section>","protected":false},"excerpt":{"rendered":"","protected":false},"author":1,"featured_media":24029,"parent":0,"menu_order":0,"comment_status":"closed","ping_status":"closed","template":"","meta":{"_joinchat":[],"footnotes":""},"class_list":["post-433","page","type-page","status-publish","has-post-thumbnail","hentry"],"aioseo_notices":[],"meta_box":{"image":false,"faq_en":[],"faq_(spanish)":[],"faq_fr":[],"status":[]},"_links":{"self":[{"href":"https:\/\/marbella-cribs.com\/es\/wp-json\/wp\/v2\/pages\/433","targetHints":{"allow":["GET"]}}],"collection":[{"href":"https:\/\/marbella-cribs.com\/es\/wp-json\/wp\/v2\/pages"}],"about":[{"href":"https:\/\/marbella-cribs.com\/es\/wp-json\/wp\/v2\/types\/page"}],"author":[{"embeddable":true,"href":"https:\/\/marbella-cribs.com\/es\/wp-json\/wp\/v2\/users\/1"}],"replies":[{"embeddable":true,"href":"https:\/\/marbella-cribs.com\/es\/wp-json\/wp\/v2\/comments?post=433"}],"version-history":[{"count":95,"href":"https:\/\/marbella-cribs.com\/es\/wp-json\/wp\/v2\/pages\/433\/revisions"}],"predecessor-version":[{"id":31038,"href":"https:\/\/marbella-cribs.com\/es\/wp-json\/wp\/v2\/pages\/433\/revisions\/31038"}],"wp:featuredmedia":[{"embeddable":true,"href":"https:\/\/marbella-cribs.com\/es\/wp-json\/wp\/v2\/media\/24029"}],"wp:attachment":[{"href":"https:\/\/marbella-cribs.com\/es\/wp-json\/wp\/v2\/media?parent=433"}],"curies":[{"name":"wp","href":"https:\/\/api.w.org\/{rel}","templated":true}]}}