{"id":14,"date":"2023-02-03T09:17:34","date_gmt":"2023-02-03T09:17:34","guid":{"rendered":"https:\/\/marbellacribs.isabellatech.co\/?page_id=14"},"modified":"2023-04-21T17:06:19","modified_gmt":"2023-04-21T15:06:19","slug":"properties","status":"publish","type":"page","link":"https:\/\/marbella-cribs.com\/fr\/recherche-de-propriete\/","title":{"rendered":"PROPRI\u00c9T\u00c9 \u00c0 VENDRE \u00c0 MARBELLA"},"content":{"rendered":"<p>Trouvez la maison de vos r\u00eaves avec Marbella Cribs Group<\/p>","protected":false},"excerpt":{"rendered":"<p>Trouvez la maison de vos r\u00eaves avec Marbella Cribs Group<\/p>\n","protected":false},"author":1,"featured_media":0,"parent":0,"menu_order":0,"comment_status":"closed","ping_status":"closed","template":"page-templates\/page_properties.php","meta":{"_joinchat":[],"footnotes":""},"class_list":["post-14","page","type-page","status-publish","hentry"],"aioseo_notices":[],"meta_box":{"image":false,"faq_en":[],"faq_(spanish)":[],"faq_fr":[],"status":[]},"_links":{"self":[{"href":"https:\/\/marbella-cribs.com\/fr\/wp-json\/wp\/v2\/pages\/14","targetHints":{"allow":["GET"]}}],"collection":[{"href":"https:\/\/marbella-cribs.com\/fr\/wp-json\/wp\/v2\/pages"}],"about":[{"href":"https:\/\/marbella-cribs.com\/fr\/wp-json\/wp\/v2\/types\/page"}],"author":[{"embeddable":true,"href":"https:\/\/marbella-cribs.com\/fr\/wp-json\/wp\/v2\/users\/1"}],"replies":[{"embeddable":true,"href":"https:\/\/marbella-cribs.com\/fr\/wp-json\/wp\/v2\/comments?post=14"}],"version-history":[{"count":6,"href":"https:\/\/marbella-cribs.com\/fr\/wp-json\/wp\/v2\/pages\/14\/revisions"}],"predecessor-version":[{"id":2341,"href":"https:\/\/marbella-cribs.com\/fr\/wp-json\/wp\/v2\/pages\/14\/revisions\/2341"}],"wp:attachment":[{"href":"https:\/\/marbella-cribs.com\/fr\/wp-json\/wp\/v2\/media?parent=14"}],"curies":[{"name":"wp","href":"https:\/\/api.w.org\/{rel}","templated":true}]}}