{"id":1426,"date":"2023-03-07T08:48:21","date_gmt":"2023-03-07T07:48:21","guid":{"rendered":"https:\/\/marbellacribs.isabellatech.co\/?page_id=1426"},"modified":"2023-05-09T10:42:31","modified_gmt":"2023-05-09T08:42:31","slug":"legal-advice","status":"publish","type":"page","link":"https:\/\/marbella-cribs.com\/fr\/mentions-legales\/","title":{"rendered":"Mentions l\u00e9gales"},"content":{"rendered":"<p><\/p>\n\n\n\n<p>Conform\u00e9ment \u00e0 l\u2019article 10 de la loi 34\/2002 du 11 juillet sur les services de la soci\u00e9t\u00e9 de l\u2019information et du commerce \u00e9lectronique, les donn\u00e9es d\u2019identification de l\u2019entreprise sont indiqu\u00e9es ci-dessous. Ce portail Internet est mis \u00e0 la disposition des utilisateurs par l\u2019entit\u00e9, dont les donn\u00e9es d\u2019identification sont<\/p>\n\n\n\n<p>D\u00e9nomination sociale : Marbella Cribs Group S.L<\/p>\n\n\n\n<p>C.I.F.: B72723810<\/p>\n\n\n\n<p>Si\u00e8ge social : El Soto de La Quinta, Bloque 1BD, 29679, Benahavis, Malaga<\/p>\n\n\n\n<p>T\u00e9l\u00e9phone : 623443213<\/p>\n\n\n\n<p>Courriel : contact@marbella-cribs.com<\/p>\n\n\n\n<p>Les pr\u00e9sentes mentions l\u00e9gales comprennent les conditions g\u00e9n\u00e9rales qui r\u00e9gissent l\u2019acc\u00e8s et l\u2019utilisation de ce site, ci-apr\u00e8s \u00ab le site \u00bb. L\u2019utilisation du site implique l\u2019acceptation expresse et pleine de ces conditions g\u00e9n\u00e9rales dans la version publi\u00e9e au moment o\u00f9 l\u2019utilisateur y acc\u00e8de, sans pr\u00e9judice des conditions particuli\u00e8res pouvant s\u2019appliquer \u00e0 certains des services sp\u00e9cifiques du site.<\/p>\n\n\n\n<p>L\u2019acc\u00e8s au site Web est gratuit, \u00e0 l\u2019exception du co\u00fbt de la connexion via le r\u00e9seau de t\u00e9l\u00e9communications fourni par le fournisseur d\u2019acc\u00e8s contract\u00e9 par les utilisateurs. Certains services sont exclusifs \u00e0 nos clients et leur acc\u00e8s est restreint.<\/p>\n\n\n\n<p>L\u2019utilisation du Portail attribue la condition d\u2019utilisateur du Portail (ci-apr\u00e8s, l\u2019\u00ab&nbsp;Utilisateur&nbsp;\u00bb) et implique l\u2019acceptation de toutes les conditions incluses dans le pr\u00e9sent avis juridique. La fourniture du service du Portail a une dur\u00e9e limit\u00e9e au moment o\u00f9 l\u2019Utilisateur est connect\u00e9 au Portail ou \u00e0 l\u2019un des services qui sont fournis \u00e0 travers celui-ci. Par cons\u00e9quent, l\u2019utilisateur doit lire attentivement le pr\u00e9sent avis juridique \u00e0 chacune des occasions o\u00f9 il a l\u2019intention d\u2019utiliser le portail, car celui-ci et ses conditions d\u2019utilisation contenues dans le pr\u00e9sent avis juridique peuvent \u00eatre modifi\u00e9s.<\/p>\n\n\n\n<p>Certains services du portail accessibles aux internautes ou exclusifs aux clients de Marbella Cribs Group, S.L, peuvent \u00eatre soumis \u00e0 des conditions, r\u00e9glementations et instructions particuli\u00e8res qui, le cas \u00e9ch\u00e9ant, remplacent, compl\u00e8tent et\/ou modifient les pr\u00e9sentes mentions l\u00e9gales et qui doivent \u00eatre accept\u00e9es par le Utilisateur avant de commencer la fourniture du service correspondant.<\/p>\n\n\n\n<p><strong>Propri\u00e9t\u00e9 intellectuelle et industrielle<\/strong><\/p>\n\n\n\n<p>Ce site et les contenus qu\u2019il h\u00e9berge sont prot\u00e9g\u00e9s par la l\u00e9gislation en vigueur sur la propri\u00e9t\u00e9 intellectuelle.<br>Marbella Cribs Group, S.L est propri\u00e9taire ou licenci\u00e9 de tous les droits de propri\u00e9t\u00e9 intellectuelle et industrielle de son site Web, ainsi que des \u00e9l\u00e9ments qu\u2019il contient. Par cons\u00e9quent, la reproduction, la distribution, la communication publique et la transformation de tout ou partie du contenu de ce site Web, \u00e0 des fins commerciales, sur tout support et par tout moyen technique, sans l\u2019autorisation des Termes et Conditions, sont express\u00e9ment interdites.<\/p>\n\n\n\n<p>Les marques, noms commerciaux ou signes distinctifs sont la propri\u00e9t\u00e9 de Marbella Cribs Group, S.L, que ce soit en raison de la propri\u00e9t\u00e9 industrielle ou intellectuelle, sans qu\u2019il soit entendu que l\u2019acc\u00e8s au Portail attribue un droit sur les marques, noms commerciaux et\/ou signes distinctifs susmentionn\u00e9s. .<\/p>\n\n\n\n<p>Tous les produits et services de ces pages qui n\u2019appartiennent PAS \u00e0 Marbella Cribs Group, S.L sont des marques d\u00e9pos\u00e9es de leurs propri\u00e9taires respectifs et sont reconnus comme tels par notre soci\u00e9t\u00e9. Ils n\u2019apparaissent sur le site Web de Marbella Cribs Group, S.L qu\u2019\u00e0 des fins de promotion et de collecte d\u2019informations. Ces propri\u00e9taires peuvent demander la modification ou la suppression des informations qui leur appartiennent.<\/p>\n\n\n\n<p><strong>Conditions d\u2019utilisation du portail<\/strong><\/p>\n\n\n\n<p>G\u00e9n\u00e9ral<\/p>\n\n\n\n<p>L\u2019utilisateur s\u2019engage \u00e0 utiliser correctement le portail conform\u00e9ment \u00e0 la loi et aux pr\u00e9sentes mentions l\u00e9gales. L\u2019utilisateur sera responsable envers Marbella Cribs Group, S.L ou envers des tiers pour tout dommage qui pourrait \u00eatre caus\u00e9 \u00e0 la suite de la violation de ladite obligation.<\/p>\n\n\n\n<p>Il est express\u00e9ment interdit d\u2019utiliser le portail \u00e0 des fins pr\u00e9judiciables \u00e0 la propri\u00e9t\u00e9 ou aux int\u00e9r\u00eats de Marbella Cribs Group, S.L ou de tiers ou qui surchargent, endommagent ou d\u00e9sactivent de toute autre mani\u00e8re les r\u00e9seaux, serveurs et autres \u00e9quipements informatiques (mat\u00e9riel) ou produits informatiques. et applications (logiciels). ) de Marbella Cribs Group, S.L ou de tiers.<\/p>\n\n\n\n<p>Contenu<\/p>\n\n\n\n<p>L\u2019Utilisateur s\u2019engage \u00e0 utiliser le Contenu conform\u00e9ment \u00e0 la Loi et aux pr\u00e9sentes Mentions L\u00e9gales, ainsi qu\u2019aux autres conditions, r\u00e9glementations et instructions \u00e9ventuellement applicables conform\u00e9ment aux dispositions de l\u2019article 1.<\/p>\n\n\n\n<p>A titre purement indicatif, l\u2019Utilisateur, conform\u00e9ment \u00e0 la l\u00e9gislation en vigueur, doit s\u2019abstenir de :<\/p>\n\n\n\n<p>\u2022 Reproduire, copier, distribuer, mettre \u00e0 disposition, communiquer publiquement, transformer ou modifier le Contenu, sauf dans les cas autoris\u00e9s par la loi ou express\u00e9ment consentis par Marbella Cribs Group, S.L ou par quiconque d\u00e9tient les droits d\u2019exploitation dans son cas<\/p>\n\n\n\n<p>\u2022 Reproduire ou copier pour un usage priv\u00e9 le Contenu pouvant \u00eatre consid\u00e9r\u00e9 comme un Logiciel ou une Base de donn\u00e9es conform\u00e9ment \u00e0 la l\u00e9gislation en vigueur sur la propri\u00e9t\u00e9 intellectuelle, ainsi que sa communication publique ou sa mise \u00e0 disposition de tiers lorsque ces actes impliquent n\u00e9cessairement une reproduction par une partie de l\u2019Utilisateur . ou un tiers.<\/p>\n\n\n\n<p>\u2022 Extraire et\/ou r\u00e9utiliser tout ou une partie substantielle du Contenu du Portail ainsi que les bases de donn\u00e9es que Marbella Cribs Group, S.L met \u00e0 notre disposition<\/p>\n\n\n\n<p>Introduction de liens vers le Portail<\/p>\n\n\n\n<p>L\u2019internaute qui souhaite introduire des liens depuis ses propres pages Web vers le portail doit respecter les conditions d\u00e9taill\u00e9es ci-dessous sans les ignorer en \u00e9vitant les responsabilit\u00e9s d\u00e9coulant de la loi&nbsp;:<\/p>\n\n\n\n<p>\u2022 Le lien renverra uniquement vers la page d\u2019accueil ou la page principale du Portail mais ne pourra en aucun cas le reproduire (liens en ligne, copies de textes, graphiques, etc.)<br>\u2022 Il sera interdit dans tous les cas, conform\u00e9ment \u00e0 la l\u00e9gislation applicable et en vigueur \u00e0 tout moment, d\u2019\u00e9tablir des cadres ou des cadres de toute nature qui entourent le Portail ou permettent la visualisation du Contenu via des adresses Internet autres que celles du Portail et, dans tous les cas, lorsqu\u2019ils sont affich\u00e9s avec du contenu en dehors du Portail de telle mani\u00e8re que : (I) produit, ou peut produire, une erreur, une confusion ou une tromperie chez les utilisateurs quant \u00e0 la v\u00e9ritable origine du service ou du Contenu&nbsp;; (II) implique un acte de comparaison ou d\u2019imitation d\u00e9loyale&nbsp;; (III) sert \u00e0 profiter de la r\u00e9putation de la marque et du prestige de Marbella Cribs Group, S.L ou (IV) de toute autre mani\u00e8re est interdite par la l\u00e9gislation en vigueur.<\/p>\n\n\n\n<p>\u2022 Aucun type de d\u00e9claration fausse, inexacte ou incorrecte sur Marbella Cribs Group, S.L, ses partenaires, employ\u00e9s, clients ou sur la qualit\u00e9 des services qu\u2019il fournit ne sera faite \u00e0 partir de la page qui introduit le lien.<\/p>\n\n\n\n<p>\u2022 En aucun cas, il ne sera indiqu\u00e9 sur la page o\u00f9 se trouve le lien que Marbella Cribs Group, S.L a donn\u00e9 son consentement pour l\u2019insertion du lien ou qu\u2019il parraine, collabore avec, v\u00e9rifie ou supervise les services de l\u2019exp\u00e9diteur.<\/p>\n\n\n\n<p>\u2022 L\u2019utilisation de toute marque d\u00e9nominative, graphique ou mixte ou de tout autre signe distinctif de Marbella Cribs Group, S.L dans la page de l\u2019exp\u00e9diteur est interdite, sauf dans les cas autoris\u00e9s par la loi ou express\u00e9ment autoris\u00e9s par Marbella Cribs Group, S.L et chaque fois que cela est autoris\u00e9, dans ces cas , un lien direct vers le portail de la mani\u00e8re \u00e9tablie dans cette clause.<\/p>\n\n\n\n<p>\u2022 La page qui \u00e9tablit le lien doit se conformer fid\u00e8lement \u00e0 la loi et ne peut en aucun cas avoir ou lier \u00e0 son propre contenu ou \u00e0 celui de tiers qui : (I) sont ill\u00e9gaux, nuisibles ou contraires aux bonnes m\u0153urs et aux bonnes m\u0153urs (pornographiques, violent, raciste, etc.) ; (II) induit ou peut induire chez l\u2019Utilisateur la fausse conception que Marbella Cribs Group, S.L souscrit, approuve, adh\u00e8re ou soutient de quelque mani\u00e8re que ce soit les id\u00e9es, manifestations ou expressions, l\u00e9gales ou ill\u00e9gales, de l\u2019exp\u00e9diteur&nbsp;; (III) sont inappropri\u00e9s ou non pertinents pour l\u2019activit\u00e9 de Marbella Cribs Group, S.L compte tenu du lieu, du contenu et du th\u00e8me du site Web de l\u2019exp\u00e9diteur.<\/p>\n\n\n\n<p><strong>Exclusion de responsabilit\u00e9<\/strong><\/p>\n\n\n\n<p>Des informations<\/p>\n\n\n\n<p>Marbella Cribs Group, S.L n\u2019est pas responsable des d\u00e9cisions prises sur la base des informations fournies sur le Portail ou des dommages caus\u00e9s \u00e0 l\u2019Utilisateur ou \u00e0 des tiers en raison d\u2019actions bas\u00e9es uniquement sur les informations obtenues sur le Portail.<\/p>\n\n\n\n<p>De la qualit\u00e9 du service<\/p>\n\n\n\n<p>L\u2019acc\u00e8s au Portail n\u2019implique aucune obligation de la part de Marbella Cribs Group, S.L de contr\u00f4ler l\u2019absence de virus, de vers ou de tout autre \u00e9l\u00e9ment informatique nuisible. L\u2019utilisateur est responsable, dans tous les cas, de la disponibilit\u00e9 d\u2019outils ad\u00e9quats pour la d\u00e9tection et la d\u00e9sinfection des programmes informatiques nuisibles.<br>Marbella Cribs Group, S.L n\u2019est pas responsable des dommages caus\u00e9s \u00e0 l\u2019\u00e9quipement informatique des utilisateurs ou de tiers lors de la fourniture du service du portail.<\/p>\n\n\n\n<p>De la disponibilit\u00e9 du Service<\/p>\n\n\n\n<p>L\u2019acc\u00e8s au portail n\u00e9cessite des services et des fournitures de tiers, y compris le transport via des r\u00e9seaux de t\u00e9l\u00e9communications dont la fiabilit\u00e9, la qualit\u00e9, la continuit\u00e9 et le fonctionnement ne correspondent pas \u00e0 Marbella Cribs Group, S.L. Par cons\u00e9quent, les services fournis via le Portail peuvent \u00eatre suspendus, annul\u00e9s ou \u00eatre inaccessibles, avant ou simultan\u00e9ment \u00e0 la fourniture du service du Portail.<\/p>\n\n\n\n<p>Marbella Cribs Group, S.L n\u2019est pas responsable des dommages ou pertes de toute nature caus\u00e9s \u00e0 l\u2019utilisateur qui sont caus\u00e9s par des pannes ou des d\u00e9connexions dans les r\u00e9seaux de t\u00e9l\u00e9communications qui provoquent la suspension, l\u2019annulation ou l\u2019interruption du service du portail pendant la fourniture du m\u00eame ou avec caract\u00e8re pr\u00e9c\u00e9dent.<\/p>\n\n\n\n<p>Des contenus et services li\u00e9s via le Portail<\/p>\n\n\n\n<p>Le service d\u2019acc\u00e8s au portail comprend des dispositifs techniques de liaison, des r\u00e9pertoires et comprend<\/p>\n\n\n\n<p>Ce sont des outils de recherche qui permettent \u00e0 l\u2019utilisateur d\u2019acc\u00e9der \u00e0 d\u2019autres pages Internet et portails (ci-apr\u00e8s, les \u00ab sites li\u00e9s \u00bb). Dans ces cas, Marbella Cribs Group, S.L agit en tant que fournisseur de services d\u2019interm\u00e9diation conform\u00e9ment \u00e0 l\u2019article 17 de la loi 34\/2002 du 12 juillet sur les services de la soci\u00e9t\u00e9 de l\u2019information et du commerce \u00e9lectronique (LSSI) et ne sera responsable que du contenus et services fournis sur les sites li\u00e9s dans la mesure o\u00f9 il a une connaissance effective de l\u2019ill\u00e9galit\u00e9 et n\u2019a pas d\u00e9sactiv\u00e9 le lien avec la diligence requise. Dans le cas o\u00f9 l\u2019utilisateur consid\u00e8re qu\u2019il existe un site li\u00e9 avec un contenu ill\u00e9gal ou inappropri\u00e9, il peut en informer Marbella Cribs Group, S.L conform\u00e9ment \u00e0<\/p>\n\n\n\n<p>la proc\u00e9dure et les effets \u00e9tablis \u00e0 l\u2019article 6, sans que cette communication n\u2019entra\u00eene en aucun cas l\u2019obligation de retirer le lien correspondant.<\/p>\n\n\n\n<p>En aucun cas, l\u2019existence de sites li\u00e9s ne doit pr\u00e9supposer l\u2019existence d\u2019accords avec les responsables ou les propri\u00e9taires de ceux-ci, ni la recommandation, la promotion ou l\u2019identification de Marbella Cribs Group, S.L avec les d\u00e9clarations, contenus ou services fournis.<\/p>\n\n\n\n<p>Marbella Cribs Group, S.L n\u2019est pas au courant du contenu et des services des sites li\u00e9s et n\u2019est donc pas responsable des dommages caus\u00e9s par l\u2019ill\u00e9galit\u00e9, la qualit\u00e9, l\u2019obsolescence, l\u2019indisponibilit\u00e9, l\u2019erreur et l\u2019inutilit\u00e9 des contenus et\/ou services des sites li\u00e9s ou pour tout autre dommage qui n\u2019est pas directement imputable \u00e0 Marbella Cribs Group, S.L.<\/p>\n\n\n\n<p>Protection des donn\u00e9es.<\/p>\n\n\n\n<p>Vous pouvez consulter notre politique de protection des donn\u00e9es (lien) pour prendre connaissance de l\u2019utilisation que nous faisons de vos donn\u00e9es personnelles.<\/p>\n\n\n\n<p>Communication d\u2019activit\u00e9s illicites et inappropri\u00e9es<\/p>\n\n\n\n<p>Dans le cas o\u00f9 l\u2019Utilisateur ou tout autre internaute prendrait connaissance du fait que les Sites Li\u00e9s renvoient \u00e0 des pages dont le contenu ou les services sont ill\u00e9gaux, pr\u00e9judiciables, d\u00e9gradants, violents ou contraires aux bonnes m\u0153urs, il pourra contacter Marbella Cribs Group, S.L en indiquant les finalit\u00e9s suivantes :<\/p>\n\n\n\n<p>1. Donn\u00e9es personnelles de l\u2019appelant : nom, adresse, num\u00e9ro de t\u00e9l\u00e9phone et adresse e-mail.<\/p>\n\n\n\n<p>2. Description des faits r\u00e9v\u00e9lant le caract\u00e8re illicite ou inappropri\u00e9 du site li\u00e9.<\/p>\n\n\n\n<p>3. En cas de violation de droits, tels que la propri\u00e9t\u00e9 intellectuelle et industrielle, les donn\u00e9es personnelles du titulaire du droit viol\u00e9 lorsqu\u2019il s\u2019agit d\u2019une personne autre que l\u2019appelant.<\/p>\n\n\n\n<p>4. Vous devez \u00e9galement fournir le titre qui certifie la l\u00e9gitimit\u00e9 du titulaire des droits et, le cas \u00e9ch\u00e9ant, celle de repr\u00e9sentation pour agir au nom du titulaire lorsqu\u2019il s\u2019agit d\u2019une personne autre que l\u2019appelant.<\/p>\n\n\n\n<p>5. D\u00e9claration expresse que les informations contenues dans la r\u00e9clamation sont exactes.<\/p>\n\n\n\n<p>La r\u00e9ception par Marbella Cribs Group, S.L de la communication pr\u00e9vue dans cette clause n\u2019impliquera pas, conform\u00e9ment aux dispositions de la LSSI, la connaissance effective des activit\u00e9s et\/ou contenus indiqu\u00e9s par le communicateur.<\/p>\n\n\n\n<p>De m\u00eame, vous devez fournir le titre qui certifie la l\u00e9gitimit\u00e9 du titulaire des droits et, le cas \u00e9ch\u00e9ant, celle de repr\u00e9sentation pour agir au nom du titulaire lorsqu\u2019il s\u2019agit d\u2019une personne autre que l\u2019appelant&nbsp;; D\u00e9claration expresse que les informations contenues dans la r\u00e9clamation sont exactes.<\/p>\n\n\n\n<p><strong>Avis<\/strong><\/p>\n\n\n\n<p>Toutes les notifications et communications faites par les parties seront valables conform\u00e9ment aux moyens admis par la loi. Ceux li\u00e9s \u00e0 ce portail seront consid\u00e9r\u00e9s comme effectifs, \u00e0 toutes fins, s\u2019ils sont effectu\u00e9s via le portail lui-m\u00eame.<\/p>\n\n\n\n<p><strong>Modifications<\/strong><\/p>\n\n\n\n<p>Marbella Cribs Group, S.L se r\u00e9serve le droit d\u2019apporter les modifications qu\u2019elle juge appropri\u00e9es sur son site Web sans pr\u00e9avis, en pouvant modifier, supprimer ou ajouter \u00e0 la fois le contenu et les services fournis par son interm\u00e9diaire et la mani\u00e8re dont ils sont pr\u00e9sent\u00e9s.<\/p>\n\n\n\n<p>En revanche, ces conditions g\u00e9n\u00e9rales peuvent \u00e9voluer \u00e0 tout moment. Les modifications entreront en vigueur d\u00e8s leur publication.<\/p>\n\n\n\n<p><strong>R\u00e9seaux sociaux<\/strong><\/p>\n\n\n\n<p>Marbella Cribs Group, S.L est pr\u00e9sent sur divers r\u00e9seaux sociaux et plates-formes, par cons\u00e9quent, lors de l\u2019acc\u00e8s \u00e0 l\u2019un de ces r\u00e9seaux ou \u00e0 d\u2019autres, il faut tenir compte du fait que les conditions d\u2019utilisation applicables sont celles que chaque plate-forme a \u00e9tablies, dans lesquelles, Marbella Cribs Group, S.L n\u2019intervient pas.<\/p>\n\n\n\n<p><strong>L\u00e9gislation<\/strong><\/p>\n\n\n\n<p>Le pr\u00e9sent avis juridique est r\u00e9gi dans chacun de ses extr\u00eames par la loi espagnole. \u00c0 condition que la loi applicable permette la renonciation \u00e0 la juridiction l\u00e9gale \u00e9tablie, les tribunaux de , sont d\u00e9sign\u00e9s comme juridiction pour r\u00e9gler les \u00e9ventuels litiges, renon\u00e7ant express\u00e9ment \u00e0 l\u2019utilisateur \u00e0 tout autre juridiction qui peut correspondre.<\/p>","protected":false},"excerpt":{"rendered":"<p>Conform\u00e9ment \u00e0 l\u2019article 10 de la loi 34\/2002 du 11 juillet sur les services de la soci\u00e9t\u00e9 de l\u2019information et du commerce \u00e9lectronique, les donn\u00e9es d\u2019identification de l\u2019entreprise sont indiqu\u00e9es ci-dessous. Ce portail Internet est mis \u00e0 la disposition des utilisateurs par l\u2019entit\u00e9, dont les donn\u00e9es d\u2019identification sont D\u00e9nomination sociale : Marbella Cribs Group S.L [&hellip;]<\/p>\n","protected":false},"author":1,"featured_media":0,"parent":0,"menu_order":0,"comment_status":"closed","ping_status":"closed","template":"page-templates\/page_no-header.php","meta":{"_joinchat":[],"footnotes":""},"class_list":["post-1426","page","type-page","status-publish","hentry"],"aioseo_notices":[],"meta_box":{"image":false,"faq_en":[],"faq_(spanish)":[],"faq_fr":[],"status":[]},"_links":{"self":[{"href":"https:\/\/marbella-cribs.com\/fr\/wp-json\/wp\/v2\/pages\/1426","targetHints":{"allow":["GET"]}}],"collection":[{"href":"https:\/\/marbella-cribs.com\/fr\/wp-json\/wp\/v2\/pages"}],"about":[{"href":"https:\/\/marbella-cribs.com\/fr\/wp-json\/wp\/v2\/types\/page"}],"author":[{"embeddable":true,"href":"https:\/\/marbella-cribs.com\/fr\/wp-json\/wp\/v2\/users\/1"}],"replies":[{"embeddable":true,"href":"https:\/\/marbella-cribs.com\/fr\/wp-json\/wp\/v2\/comments?post=1426"}],"version-history":[{"count":12,"href":"https:\/\/marbella-cribs.com\/fr\/wp-json\/wp\/v2\/pages\/1426\/revisions"}],"predecessor-version":[{"id":2415,"href":"https:\/\/marbella-cribs.com\/fr\/wp-json\/wp\/v2\/pages\/1426\/revisions\/2415"}],"wp:attachment":[{"href":"https:\/\/marbella-cribs.com\/fr\/wp-json\/wp\/v2\/media?parent=1426"}],"curies":[{"name":"wp","href":"https:\/\/api.w.org\/{rel}","templated":true}]}}