{"id":1430,"date":"2023-03-07T08:49:01","date_gmt":"2023-03-07T07:49:01","guid":{"rendered":"https:\/\/marbellacribs.isabellatech.co\/?page_id=1430"},"modified":"2023-05-09T18:01:48","modified_gmt":"2023-05-09T16:01:48","slug":"cookie-policy","status":"publish","type":"page","link":"https:\/\/marbella-cribs.com\/fr\/politique-des-cookies\/","title":{"rendered":"Politique des Cookies"},"content":{"rendered":"<p><strong>Que sont les cookies ?<\/strong><\/p>\n\n\n\n<p><strong>Marbella Cribs<\/strong> dont la raison sociale est <strong>Marbella Cribs Group S.L<\/strong> est responsable du site web marbella-cribs.com, et utilise des cookies et\/ou d&rsquo;autres fichiers de fonctionnalit\u00e9 similaire.<\/p>\n\n\n\n<p>Les cookies sont de petits fichiers de donn\u00e9es qui sont envoy\u00e9s \u00e0 l&rsquo;ordinateur, au t\u00e9l\u00e9phone portable ou \u00e0 tout autre dispositif d&rsquo;acc\u00e8s de l&rsquo;utilisateur lorsqu&rsquo;il visite un site web et qui permettent d&rsquo;obtenir des informations relatives \u00e0 sa navigation ou un code permettant d&rsquo;identifier l&rsquo;utilisateur de mani\u00e8re univoque.<\/p>\n\n\n\n<p>Les cookies sont utilis\u00e9s pour que le site fonctionne correctement et efficacement, car ils fournissent des informations aux propri\u00e9taires du site. En outre, les cookies sont utilis\u00e9s pour l&rsquo;analyse de la navigation et les statistiques d&rsquo;utilisation. Les cookies nous permettent, entre autres, de stocker et de r\u00e9cup\u00e9rer des informations sur vos habitudes de navigation et sur votre ordinateur et, en fonction des informations qu&rsquo;ils contiennent et de ce que votre appareil utilise, ils peuvent \u00eatre utilis\u00e9s pour reconna\u00eetre et identifier l&rsquo;utilisateur afin d&rsquo;am\u00e9liorer l&rsquo;exp\u00e9rience de navigation.<\/p>\n\n\n\n<p>Si vous pr\u00e9f\u00e9rez ne pas envoyer de cookies \u00e0 nos syst\u00e8mes, vous pouvez les d\u00e9sactiver et les contr\u00f4ler par le biais des param\u00e8tres de votre navigateur ou en les supprimant de votre navigateur \u00e0 la fin de votre visite.<\/p>\n\n\n\n<p><strong>Types de cookies et objectifs d&rsquo;utilisation<\/strong><\/p>\n\n\n\n<p>Le site marbella-cribs.com utilise des cookies de session et\/ou des cookies persistants qui, \u00e0 leur tour, peuvent \u00eatre des cookies de premi\u00e8re partie et\/ou de tierce partie.<br>Les cookies de session sont des cookies con\u00e7us pour collecter et stocker des donn\u00e9es pendant que l&rsquo;utilisateur acc\u00e8de \u00e0 un site web. Ils sont g\u00e9n\u00e9ralement utilis\u00e9s pour stocker des informations qui ne doivent \u00eatre conserv\u00e9es que pour la fourniture du service demand\u00e9 par l&rsquo;utilisateur en une seule occasion.<br>Les cookies persistants sont un type de cookie dans lequel les donn\u00e9es restent stock\u00e9es dans le terminal et peuvent \u00eatre consult\u00e9es et trait\u00e9es pendant une p\u00e9riode d\u00e9finie par le responsable du cookie, qui peut aller de quelques minutes \u00e0 plusieurs ann\u00e9es.<br><strong>Cookies propres<\/strong> : Ceux qui sont cr\u00e9\u00e9s ou g\u00e9r\u00e9s par Marbella Cribs Group S.L. Le site Web https:\/\/marbella-cribs.com utilise ses propres cookies aux fins suivantes<br><strong>Technique<\/strong> : ces cookies permettent \u00e0 l&rsquo;utilisateur de naviguer et d&rsquo;utiliser les diff\u00e9rentes options ou services qui existent sur le site Web, comme par exemple le contr\u00f4le du trafic et de la communication des donn\u00e9es, l&rsquo;identification de la session, l&rsquo;acc\u00e8s \u00e0 des zones restreintes, l&rsquo;utilisation d&rsquo;\u00e9l\u00e9ments de s\u00e9curit\u00e9 lors de la navigation et le stockage de contenus.<br><strong>Cookies de tiers<\/strong> : Ceux qui sont g\u00e9r\u00e9s par des prestataires de services ext\u00e9rieurs \u00e0 Marbella Cribs Group S.L.<br><strong>Analytiques<\/strong> : Ils nous permettent de savoir comment les utilisateurs interagissent avec le site web. Les informations obtenues concernent, entre autres, le nombre de pages consult\u00e9es, la langue, le nombre d&rsquo;utilisateurs qui nous rendent visite, la fr\u00e9quence et la r\u00e9currence des visites, l&rsquo;heure de la visite et le navigateur utilis\u00e9. Les informations recueillies sont toujours anonymes, de sorte qu&rsquo;aucun lien ne peut \u00eatre \u00e9tabli entre elles et la personne physique \u00e0 laquelle elles se rapportent.<\/p>\n\n\n\n<p>Les cookies utilis\u00e9s sur le site web sont d\u00e9taill\u00e9s ci-dessous :<\/p>\n\n\n\n<figure class=\"wp-block-table\"><table><tbody><tr><td><strong>Objectifs<\/strong><\/td><td><strong>Cookie<\/strong><\/td><td><strong>Propri\u00e9taire<\/strong><\/td><td><strong>D\u00e9lai de conservation<\/strong><\/td><\/tr><tr><td><br><strong>Cookies analytiques<\/strong> : Ces cookies nous permettent de savoir comment les utilisateurs interagissent avec le site web. Les informations obtenues concernent, entre autres, le nombre de pages consult\u00e9es, la langue, le nombre d&rsquo;utilisateurs qui nous rendent visite, la fr\u00e9quence et la r\u00e9currence des visites, l&rsquo;heure de la visite et le navigateur utilis\u00e9. Les informations collect\u00e9es sont toujours anonymes, de sorte qu&rsquo;aucun lien ne peut \u00eatre \u00e9tabli entre elles et la personne physique \u00e0 laquelle elles se rapportent.<br>Les cookies analytiques mis en place sur notre site web servent \u00e0 cr\u00e9er des profils de navigation et \u00e0 conna\u00eetre les pr\u00e9f\u00e9rences des utilisateurs afin d&rsquo;am\u00e9liorer la gamme de produits et de services que nous proposons.<\/td><td><em>_ga<\/em><br><br><em>_gid<\/em><br><br><em>_gat<\/em><\/td><td><em>Google<\/em><\/td><td><em>2 <\/em>ans<br><br><em>24 h<\/em>eurs<br><br><em>1 minute<\/em><\/td><\/tr><tr><td><br><strong>Cookies techniques<\/strong> :&nbsp;Ces cookies sont essentiels au fonctionnement du site web, par exemple pour identifier la connexion du navigateur de l&rsquo;utilisateur, contr\u00f4ler la communication des donn\u00e9es et maintenir la s\u00e9curit\u00e9 de la navigation de l&rsquo;utilisateu<strong>r.<\/strong><\/td><td><em>Cookie : CookieConsent Pour contr\u00f4ler l&rsquo;acceptation du traitement des cookies.es.<\/em><br><br><em><br>Cookie: wp-lang&nbsp;<\/em><br><br><em>Pour contr\u00f4ler la langue s\u00e9lectionn\u00e9e.&nbsp;<\/em><\/td><td>Marbella Cribs Group<\/td><td><em>2 <\/em>ans<br><br><em>2 <\/em>ans<\/td><\/tr><\/tbody><\/table><\/figure>\n\n\n\n<p><strong>Dur\u00e9e de conservation<\/strong><\/p>\n\n\n\n<p>Dans le cas des cookies, les donn\u00e9es peuvent \u00eatre trait\u00e9es aussi longtemps que vous maintenez votre consentement pour leur installation et pour la dur\u00e9e de leur installation, la p\u00e9riode maximale \u00e9tant de 2 ans.<\/p>\n\n\n\n<p><strong>Transferts internationaux<\/strong><\/p>\n\n\n\n<p>Les cookies tiers utilis\u00e9s sur le Site appartiennent \u00e0 Google Inc. domicili\u00e9e aux Etats-Unis et leur traitement implique donc un transfert international de donn\u00e9es vers un pays qui ne dispose pas d&rsquo;un niveau de protection comparable au niveau europ\u00e9en.<\/p>\n\n\n\n<p>Vous trouverez des informations fournies par ces soci\u00e9t\u00e9s sur les garanties appropri\u00e9es pour le transfert international des donn\u00e9es \u00e0 l&rsquo;adresse suivante : Google:https:\/\/policies.google.com\/privacy\/frameworks?hl=en-US.<\/p>\n\n\n\n<p><strong>D\u00e9sactivation ou suppression des cookies<\/strong><\/p>\n\n\n\n<p>Vous pouvez facilement configurer vos pr\u00e9f\u00e9rences ou supprimer les cookies \u00e0 partir de notre panneau de configuration.<\/p>\n\n\n\n<p>De m\u00eame, la plupart des navigateurs web vous permettent de g\u00e9rer, \u00e0 tout moment, vos pr\u00e9f\u00e9rences en mati\u00e8re d&rsquo;utilisation des cookies. L&rsquo;utilisateur peut r\u00e9gler son navigateur de mani\u00e8re \u00e0 ce qu&rsquo;il rejette les cookies ou qu&rsquo;il en supprime certains \u00e0 sa convenance.<\/p>\n\n\n\n<p>Pour la configuration des cookies, l&rsquo;utilisateur peut acc\u00e9der \u00e0 :<\/p>\n\n\n\n<ul class=\"wp-block-list\">\n<li>&#8211; Google Chrome<\/li>\n\n\n\n<li>&#8211; Mozilla Firefox<\/li>\n\n\n\n<li>&#8211; Internet Explorer<\/li>\n\n\n\n<li>&#8211; Microsoft Edge<\/li>\n\n\n\n<li>&#8211; Safari<\/li>\n\n\n\n<li>&#8211; Opera 19<\/li>\n<\/ul>\n\n\n\n<p><\/p>\n\n\n\n<p>Les utilisateurs peuvent r\u00e9voquer leur consentement \u00e0 l&rsquo;utilisation de cookies dans leur navigateur en suivant les instructions ci-dessus ou en installant un syst\u00e8me de d\u00e9sactivation dans leur navigateur web.<\/p>\n\n\n\n<p>Dans le cas de Google Analytics, la d\u00e9sactivation peut \u00eatre effectu\u00e9e via le lien suivant : https:\/\/policies.google.com\/privacy?hl=en-US.<\/p>\n\n\n\n<p>L&rsquo;utilisateur doit savoir que certaines fonctionnalit\u00e9s du contenu du site web http:\/\/www.solvilla.es ne sont disponibles que si les cookies sont activ\u00e9s dans votre navigateur. Si vous d\u00e9cidez de ne pas accepter ou de bloquer certains cookies (en fonction de leur finalit\u00e9), cela peut affecter, en tout ou en partie, le fonctionnement normal du site web ou emp\u00eacher l&rsquo;acc\u00e8s \u00e0 certains de ses services.<\/p>\n\n\n\n<p><strong>Exercice des droits et informations compl\u00e9mentaires sur la politique de confidentialit\u00e9<\/strong><\/p>\n\n\n\n<p>Vous pouvez exercer vos droits d&rsquo;acc\u00e8s, de rectification, d&rsquo;effacement, de portabilit\u00e9, d&rsquo;opposition, de limitation du traitement ou de ne pas faire l&rsquo;objet de d\u00e9cisions automatis\u00e9es de la part du responsable du traitement en envoyant une communication \u00e9crite \u00e0 Urb. El Soto de la Quinta, Bloque 1BD, 29679, Benahavis, M\u00e1laga ou par courrier \u00e9lectronique \u00e0 : <a href=\"mailto:contact@marbella-cribs.com\">contact@marbella-cribs.com<\/a>.<\/p>\n\n\n\n<p>Vous pouvez obtenir plus d&rsquo;informations sur le traitement de vos donn\u00e9es personnelles dans notre <strong><a href=\"https:\/\/marbella-cribs.com\/fr\/politique-de-confidentialite\/\" title=\"Politique de Confidentialit\u00e9\">Politique de confidentialit\u00e9<\/a><\/strong>.<\/p>\n\n\n\n<p>Pour exercer vos droits \u00e0 l&rsquo;encontre de Google, veuillez consulter la politique de confidentialit\u00e9 de Google : https:\/\/policies.google.com\/privacy?hl=en-US.<\/p>\n\n\n\n<p>Vous pouvez \u00e9galement d\u00e9poser une plainte aupr\u00e8s de l&rsquo;Agence espagnole de protection des donn\u00e9es si vous estimez que vos donn\u00e9es n&rsquo;ont pas \u00e9t\u00e9 trait\u00e9es correctement ou si nous avons enfreint l&rsquo;un de vos droits.https:\/\/www.aepd.es\/.<\/p>\n\n\n\n<p><strong>Mises \u00e0 jour et modifications de la politique en mati\u00e8re de cookies<\/strong><\/p>\n\n\n\n<p>Marbella Cribs peut modifier cette politique de cookies en fonction de nouvelles exigences l\u00e9gislatives ou r\u00e9glementaires, ou afin d&rsquo;adapter cette politique aux instructions \u00e9mises par l&rsquo;Agence espagnole de protection des donn\u00e9es.<\/p>\n\n\n\n<p>Si vous souhaitez obtenir plus d&rsquo;informations sur la mani\u00e8re dont nous utilisons les cookies, vous pouvez nous envoyer un courrier \u00e9lectronique \u00e0 l&rsquo;adresse suivante : <a href=\"mailto:contact@marbella-cribs.com\">contact@marbella-cribs.com<\/a>.<\/p>\n\n\n\n<p><\/p>","protected":false},"excerpt":{"rendered":"<p>Que sont les cookies ? Marbella Cribs dont la raison sociale est Marbella Cribs Group S.L est responsable du site web marbella-cribs.com, et utilise des cookies et\/ou d&rsquo;autres fichiers de fonctionnalit\u00e9 similaire. Les cookies sont de petits fichiers de donn\u00e9es qui sont envoy\u00e9s \u00e0 l&rsquo;ordinateur, au t\u00e9l\u00e9phone portable ou \u00e0 tout autre dispositif d&rsquo;acc\u00e8s de [&hellip;]<\/p>\n","protected":false},"author":1,"featured_media":0,"parent":0,"menu_order":0,"comment_status":"closed","ping_status":"closed","template":"page-templates\/page_no-header.php","meta":{"_joinchat":[],"footnotes":""},"class_list":["post-1430","page","type-page","status-publish","hentry"],"aioseo_notices":[],"meta_box":{"image":false,"faq_en":[],"faq_(spanish)":[],"faq_fr":[],"status":[]},"_links":{"self":[{"href":"https:\/\/marbella-cribs.com\/fr\/wp-json\/wp\/v2\/pages\/1430","targetHints":{"allow":["GET"]}}],"collection":[{"href":"https:\/\/marbella-cribs.com\/fr\/wp-json\/wp\/v2\/pages"}],"about":[{"href":"https:\/\/marbella-cribs.com\/fr\/wp-json\/wp\/v2\/types\/page"}],"author":[{"embeddable":true,"href":"https:\/\/marbella-cribs.com\/fr\/wp-json\/wp\/v2\/users\/1"}],"replies":[{"embeddable":true,"href":"https:\/\/marbella-cribs.com\/fr\/wp-json\/wp\/v2\/comments?post=1430"}],"version-history":[{"count":15,"href":"https:\/\/marbella-cribs.com\/fr\/wp-json\/wp\/v2\/pages\/1430\/revisions"}],"predecessor-version":[{"id":3427,"href":"https:\/\/marbella-cribs.com\/fr\/wp-json\/wp\/v2\/pages\/1430\/revisions\/3427"}],"wp:attachment":[{"href":"https:\/\/marbella-cribs.com\/fr\/wp-json\/wp\/v2\/media?parent=1430"}],"curies":[{"name":"wp","href":"https:\/\/api.w.org\/{rel}","templated":true}]}}