{"id":17,"date":"2023-02-03T09:17:44","date_gmt":"2023-02-03T09:17:44","guid":{"rendered":"https:\/\/marbellacribs.isabellatech.co\/?page_id=17"},"modified":"2024-07-04T14:32:53","modified_gmt":"2024-07-04T12:32:53","slug":"services","status":"publish","type":"page","link":"https:\/\/marbella-cribs.com\/fr\/nos-services\/","title":{"rendered":"Nos Services"},"content":{"rendered":"<p>Multilingue et concern\u00e9, Marbella Cribs Group peut r\u00e9pondre aux besoins de ses clients internationaux et locaux. Notre soci\u00e9t\u00e9 sert les int\u00e9r\u00eats exclusifs de nos clients afin de leur fournir des solutions uniques et personnalis\u00e9es en mati\u00e8re de vente immobili\u00e8re, de gestion de propri\u00e9t\u00e9s, de location de vacances et de services de conciergerie \u00e0 Marbella.<\/p>","protected":false},"excerpt":{"rendered":"<p>Multilingue et concern\u00e9, Marbella Cribs Group peut r\u00e9pondre aux besoins de ses clients internationaux et locaux. Notre soci\u00e9t\u00e9 sert les int\u00e9r\u00eats exclusifs de nos clients afin de leur fournir des solutions uniques et personnalis\u00e9es en mati\u00e8re de vente immobili\u00e8re, de gestion de propri\u00e9t\u00e9s, de location de vacances et de services de conciergerie \u00e0 Marbella.<\/p>\n","protected":false},"author":1,"featured_media":24040,"parent":0,"menu_order":0,"comment_status":"closed","ping_status":"closed","template":"page-templates\/page_services.php","meta":{"_joinchat":[],"footnotes":""},"class_list":["post-17","page","type-page","status-publish","has-post-thumbnail","hentry"],"aioseo_notices":[],"meta_box":{"image":false,"faq_en":[],"faq_(spanish)":[],"faq_fr":[],"status":[]},"_links":{"self":[{"href":"https:\/\/marbella-cribs.com\/fr\/wp-json\/wp\/v2\/pages\/17","targetHints":{"allow":["GET"]}}],"collection":[{"href":"https:\/\/marbella-cribs.com\/fr\/wp-json\/wp\/v2\/pages"}],"about":[{"href":"https:\/\/marbella-cribs.com\/fr\/wp-json\/wp\/v2\/types\/page"}],"author":[{"embeddable":true,"href":"https:\/\/marbella-cribs.com\/fr\/wp-json\/wp\/v2\/users\/1"}],"replies":[{"embeddable":true,"href":"https:\/\/marbella-cribs.com\/fr\/wp-json\/wp\/v2\/comments?post=17"}],"version-history":[{"count":7,"href":"https:\/\/marbella-cribs.com\/fr\/wp-json\/wp\/v2\/pages\/17\/revisions"}],"predecessor-version":[{"id":2160,"href":"https:\/\/marbella-cribs.com\/fr\/wp-json\/wp\/v2\/pages\/17\/revisions\/2160"}],"wp:featuredmedia":[{"embeddable":true,"href":"https:\/\/marbella-cribs.com\/fr\/wp-json\/wp\/v2\/media\/24040"}],"wp:attachment":[{"href":"https:\/\/marbella-cribs.com\/fr\/wp-json\/wp\/v2\/media?parent=17"}],"curies":[{"name":"wp","href":"https:\/\/api.w.org\/{rel}","templated":true}]}}