{"id":23,"date":"2023-02-03T09:18:05","date_gmt":"2023-02-03T09:18:05","guid":{"rendered":"https:\/\/marbellacribs.isabellatech.co\/?page_id=23"},"modified":"2023-05-19T16:13:08","modified_gmt":"2023-05-19T14:13:08","slug":"contact","status":"publish","type":"page","link":"https:\/\/marbella-cribs.com\/fr\/contact\/","title":{"rendered":"Contact"},"content":{"rendered":"<p>L&rsquo;\u00e9quipe multilingue de Marbella Cribs Group est toujours disponible pour r\u00e9pondre \u00e0 vos questions concernant l&rsquo;immobilier, la location et la vente de vacances, mais aussi l&rsquo;organisation de vos voyages. N&rsquo;h\u00e9sitez donc pas \u00e0 nous contacter. Nous fonctionnons 24 heures sur 24, 7 jours sur 7, pour \u00eatre \u00e0 votre service et planifier votre exp\u00e9rience ultime \u00e0 Marbella.<\/p>","protected":false},"excerpt":{"rendered":"<p>L&rsquo;\u00e9quipe multilingue de Marbella Cribs Group est toujours disponible pour r\u00e9pondre \u00e0 vos questions concernant l&rsquo;immobilier, la location et la vente de vacances, mais aussi l&rsquo;organisation de vos voyages. N&rsquo;h\u00e9sitez donc pas \u00e0 nous contacter. Nous fonctionnons 24 heures sur 24, 7 jours sur 7, pour \u00eatre \u00e0 votre service et planifier votre exp\u00e9rience ultime [&hellip;]<\/p>\n","protected":false},"author":1,"featured_media":4206,"parent":0,"menu_order":0,"comment_status":"closed","ping_status":"closed","template":"page-templates\/page_contact.php","meta":{"_joinchat":[],"footnotes":""},"class_list":["post-23","page","type-page","status-publish","has-post-thumbnail","hentry"],"aioseo_notices":[],"meta_box":{"image":false,"faq_en":[],"faq_(spanish)":[],"faq_fr":[],"status":[]},"_links":{"self":[{"href":"https:\/\/marbella-cribs.com\/fr\/wp-json\/wp\/v2\/pages\/23","targetHints":{"allow":["GET"]}}],"collection":[{"href":"https:\/\/marbella-cribs.com\/fr\/wp-json\/wp\/v2\/pages"}],"about":[{"href":"https:\/\/marbella-cribs.com\/fr\/wp-json\/wp\/v2\/types\/page"}],"author":[{"embeddable":true,"href":"https:\/\/marbella-cribs.com\/fr\/wp-json\/wp\/v2\/users\/1"}],"replies":[{"embeddable":true,"href":"https:\/\/marbella-cribs.com\/fr\/wp-json\/wp\/v2\/comments?post=23"}],"version-history":[{"count":3,"href":"https:\/\/marbella-cribs.com\/fr\/wp-json\/wp\/v2\/pages\/23\/revisions"}],"predecessor-version":[{"id":1577,"href":"https:\/\/marbella-cribs.com\/fr\/wp-json\/wp\/v2\/pages\/23\/revisions\/1577"}],"wp:featuredmedia":[{"embeddable":true,"href":"https:\/\/marbella-cribs.com\/fr\/wp-json\/wp\/v2\/media\/4206"}],"wp:attachment":[{"href":"https:\/\/marbella-cribs.com\/fr\/wp-json\/wp\/v2\/media?parent=23"}],"curies":[{"name":"wp","href":"https:\/\/api.w.org\/{rel}","templated":true}]}}