{"id":287,"date":"2023-02-16T13:56:21","date_gmt":"2023-02-16T13:56:21","guid":{"rendered":"https:\/\/marbellacribs.isabellatech.co\/?page_id=287"},"modified":"2023-05-01T18:12:35","modified_gmt":"2023-05-01T16:12:35","slug":"area-guide","status":"publish","type":"page","link":"https:\/\/marbella-cribs.com\/fr\/guide-de-la-region\/","title":{"rendered":"Guide de la R\u00e9gion"},"content":{"rendered":"<p>Notre exp\u00e9rience du temps et du monde est transform\u00e9e lorsque nous nous \u00e9chappons de notre vie quotidienne et d\u00e9couvrons d&rsquo;autres paysages. La s\u00e9r\u00e9nit\u00e9 est le point d&rsquo;\u00e9quilibre entre l&rsquo;isolement et l&rsquo;animation. Marbella regorge d&rsquo;atmosph\u00e8res diff\u00e9rentes qui favorisent cet \u00e9quilibre. Son environnement urbain d\u00e9borde d&rsquo;\u00e9nergie, tandis que sa nature et sa culture ralentissent le rythme, nous incitant \u00e0 nous concentrer sur l&rsquo;instant pr\u00e9sent et \u00e0 appr\u00e9cier la majest\u00e9 intemporelle de la montagne et de la mer, de la for\u00eat et des dunes. Cette destination est une r\u00e9ponse directe et sinc\u00e8re \u00e0 l&rsquo;isolement de la routine. D\u00e9couvrez l&rsquo;ambition et le dynamisme de la ville, appr\u00e9ciez les paysages spectaculaires et \u00e9tranges des environs et faites l&rsquo;exp\u00e9rience de la splendeur maritime. D\u00e9couvrons Marbella !<\/p>","protected":false},"excerpt":{"rendered":"<p>Notre exp\u00e9rience du temps et du monde est transform\u00e9e lorsque nous nous \u00e9chappons de notre vie quotidienne et d\u00e9couvrons d&rsquo;autres paysages. La s\u00e9r\u00e9nit\u00e9 est le point d&rsquo;\u00e9quilibre entre l&rsquo;isolement et l&rsquo;animation. Marbella regorge d&rsquo;atmosph\u00e8res diff\u00e9rentes qui favorisent cet \u00e9quilibre. Son environnement urbain d\u00e9borde d&rsquo;\u00e9nergie, tandis que sa nature et sa culture ralentissent le rythme, nous [&hellip;]<\/p>\n","protected":false},"author":1,"featured_media":517,"parent":0,"menu_order":0,"comment_status":"closed","ping_status":"closed","template":"page-templates\/page_areas.php","meta":{"_joinchat":[],"footnotes":""},"class_list":["post-287","page","type-page","status-publish","has-post-thumbnail","hentry"],"aioseo_notices":[],"meta_box":{"image":false,"faq_en":[],"faq_(spanish)":[],"faq_fr":[],"status":[]},"_links":{"self":[{"href":"https:\/\/marbella-cribs.com\/fr\/wp-json\/wp\/v2\/pages\/287","targetHints":{"allow":["GET"]}}],"collection":[{"href":"https:\/\/marbella-cribs.com\/fr\/wp-json\/wp\/v2\/pages"}],"about":[{"href":"https:\/\/marbella-cribs.com\/fr\/wp-json\/wp\/v2\/types\/page"}],"author":[{"embeddable":true,"href":"https:\/\/marbella-cribs.com\/fr\/wp-json\/wp\/v2\/users\/1"}],"replies":[{"embeddable":true,"href":"https:\/\/marbella-cribs.com\/fr\/wp-json\/wp\/v2\/comments?post=287"}],"version-history":[{"count":5,"href":"https:\/\/marbella-cribs.com\/fr\/wp-json\/wp\/v2\/pages\/287\/revisions"}],"predecessor-version":[{"id":2425,"href":"https:\/\/marbella-cribs.com\/fr\/wp-json\/wp\/v2\/pages\/287\/revisions\/2425"}],"wp:featuredmedia":[{"embeddable":true,"href":"https:\/\/marbella-cribs.com\/fr\/wp-json\/wp\/v2\/media\/517"}],"wp:attachment":[{"href":"https:\/\/marbella-cribs.com\/fr\/wp-json\/wp\/v2\/media?parent=287"}],"curies":[{"name":"wp","href":"https:\/\/api.w.org\/{rel}","templated":true}]}}