{"id":290,"date":"2023-02-16T13:58:49","date_gmt":"2023-02-16T13:58:49","guid":{"rendered":"https:\/\/marbellacribs.isabellatech.co\/?page_id=290"},"modified":"2023-04-21T16:57:30","modified_gmt":"2023-04-21T14:57:30","slug":"sales","status":"publish","type":"page","link":"https:\/\/marbella-cribs.com\/fr\/recherche-de-propriete\/proprietes-a-vendre\/","title":{"rendered":"Propri\u00e9t\u00e9s \u00e0 vendre"},"content":{"rendered":"<p>Trouvez la maison de vos r\u00eaves avec Marbella Cribs Group<\/p>","protected":false},"excerpt":{"rendered":"<p>Trouvez la maison de vos r\u00eaves avec Marbella Cribs Group<\/p>\n","protected":false},"author":1,"featured_media":0,"parent":14,"menu_order":0,"comment_status":"closed","ping_status":"closed","template":"page-templates\/page_properties.php","meta":{"_joinchat":[],"footnotes":""},"class_list":["post-290","page","type-page","status-publish","hentry"],"aioseo_notices":[],"meta_box":{"image":false,"faq_en":[],"faq_(spanish)":[],"faq_fr":[],"status":{"term_id":10,"name":"A vendre","slug":"for-sale","term_group":0,"term_taxonomy_id":10,"taxonomy":"property-status","description":"","parent":0,"count":286,"filter":"raw","term_order":"0","i18n_config":{"name":{"ts":{"en":"For Sale","es":"En Venta","fr":"A vendre"}}}}},"_links":{"self":[{"href":"https:\/\/marbella-cribs.com\/fr\/wp-json\/wp\/v2\/pages\/290","targetHints":{"allow":["GET"]}}],"collection":[{"href":"https:\/\/marbella-cribs.com\/fr\/wp-json\/wp\/v2\/pages"}],"about":[{"href":"https:\/\/marbella-cribs.com\/fr\/wp-json\/wp\/v2\/types\/page"}],"author":[{"embeddable":true,"href":"https:\/\/marbella-cribs.com\/fr\/wp-json\/wp\/v2\/users\/1"}],"replies":[{"embeddable":true,"href":"https:\/\/marbella-cribs.com\/fr\/wp-json\/wp\/v2\/comments?post=290"}],"version-history":[{"count":9,"href":"https:\/\/marbella-cribs.com\/fr\/wp-json\/wp\/v2\/pages\/290\/revisions"}],"predecessor-version":[{"id":2328,"href":"https:\/\/marbella-cribs.com\/fr\/wp-json\/wp\/v2\/pages\/290\/revisions\/2328"}],"up":[{"embeddable":true,"href":"https:\/\/marbella-cribs.com\/fr\/wp-json\/wp\/v2\/pages\/14"}],"wp:attachment":[{"href":"https:\/\/marbella-cribs.com\/fr\/wp-json\/wp\/v2\/media?parent=290"}],"curies":[{"name":"wp","href":"https:\/\/api.w.org\/{rel}","templated":true}]}}