{"id":433,"date":"2023-02-19T15:36:14","date_gmt":"2023-02-19T15:36:14","guid":{"rendered":"https:\/\/marbellacribs.isabellatech.co\/?page_id=433"},"modified":"2025-01-31T14:06:33","modified_gmt":"2025-01-31T13:06:33","slug":"test-3","status":"publish","type":"page","link":"https:\/\/marbella-cribs.com\/fr\/a-propos-de-nous\/","title":{"rendered":"\u00c0 Propos de Nous"},"content":{"rendered":"<section class=\"bg-white\">\n  <div class=\"container grid lg:grid-cols-2\">\n    <div class=\"row-span-5 md:pr-16 lg:pr-24\"><img decoding=\"async\" alt=\"\" src=\"https:\/\/marbella-cribs.com\/wp-content\/uploads\/2024\/07\/img-50-1.jpg\" class=\"object-cover w-full h-full max-h-[50vh]\">\n    <\/div>\n    <div class=\"row-span-2 pb-20 lg:pt-20 max-lg:row-start-1 max-lg:row-span-1\">\n      <p>\u00ab\u00a0Cribs\u00a0\u00bb est une expression am\u00e9ricaine aux multiples d\u00e9finitions. La n\u00f4tre est plus proche de \u00ab\u00a0Home\u00a0\u00bb<\/p>\n<p>Avant sa cr\u00e9ation, Marbella Cribs Group a connu une \u00e9volution organique sur plus d&rsquo;un an pour devenir l&rsquo;une des agences immobili\u00e8res les plus prosp\u00e8res et les plus exclusives de Marbella. Marbella Cribs r\u00e9pond \u00e0 une client\u00e8le qui recherche le d\u00e9passement de soi, la confiance et le meilleur rapport qualit\u00e9 prix. Ces trois crit\u00e8res sont les piliers de notre agence immobili\u00e8re Marbella Cribs Group.\u00a0 Le parcours de notre agence a \u00e9t\u00e9 inspir\u00e9 par une intention singuli\u00e8re et authentique : fournir un niveau de service qui n&rsquo;a jamais \u00e9t\u00e9 mis en \u0153uvre auparavant \u00e0 Marbella. Incomparable en tous points.<\/p>\n    <\/div>\n    <div class=\"flex items-end row-span-5 mg:pl-16 lg:pl-24\"><img decoding=\"async\" alt=\"\" src=\"https:\/\/marbella-cribs.com\/wp-content\/uploads\/2025\/01\/Marbella-Cribs-Group-Team3-1.jpg\" class=\"object-cover w-full h-full max-h-[50vh]\"><\/div>\n    <div class=\"row-span-2 pt-20 \">\n      <h2>Marbella Cribs Group<\/h2>\n<p>L\u2019objectif de notre agence immobili\u00e8re francophone est d\u2019accompagner la client\u00e8le fran\u00e7aise, belge, suisse ou luxembourgeoise dans leur projet d\u2019investissement immobilier \u00e0 Marbella.\u00a0<\/p>\n<p>Nos agents immobiliers sont des professionnels francophones et r\u00e9sidant \u00e0 Marbella.\u00a0\u00a0<\/p>\n<p>Notre \u00e9quipe vous accompagne \u00e0 chaque \u00e9tape de votre investissement \u00e0 Marbella : orientation du projet, s\u00e9lection de propri\u00e9t\u00e9, pr\u00e9sentation et visite de construction, n\u00e9gociation en votre nom avec le d\u00e9veloppeur immobilier, signature du contrat et mise en location de votre villa ou appartement \u00e0 Marbella.<\/p>\n    <\/div>\n  <\/div>\n<\/section>\n\n<section class=\"bg-light\">\n  <h2 class=\"mb-12 text-center\">\u00c9quipe<\/h2>\n  <div class=\"container flex flex-col gap-32 text-center lg:flex-row justify-evenly\">\n          <div class=\"\">\n        <img decoding=\"async\" alt=\"Alexandre Vanel &#8211; Marbella Cribs Group\" src=\"https:\/\/marbella-cribs.com\/wp-content\/uploads\/2023\/02\/IMG_1391-700x700.jpg\" class=\"object-cover w-full mb-4 aspect-square\">\n        <h3 class=\"mb-2\">Alexandre Vanel<\/h3>\n        <b class=\"mb-1\">Conseiller Immobilier et Fondateur<\/b>\n        <div class=\"mb-3\"><a href=\"mailto:alexandre@marbella-cribs.com\">alexandre@marbella-cribs.com<\/a><\/div>\n        <div class=\"flex justify-center gap-4 mb-8\">\n                      <img decoding=\"async\" alt=\"Language en\" src=\"https:\/\/marbella-cribs.com\/wp-content\/themes\/marbellacribs\/assets\/langs\/en.png\" class=\"w-6\">\n                      <img decoding=\"async\" alt=\"Language es\" src=\"https:\/\/marbella-cribs.com\/wp-content\/themes\/marbellacribs\/assets\/langs\/es.png\" class=\"w-6\">\n                      <img decoding=\"async\" alt=\"Language fr\" src=\"https:\/\/marbella-cribs.com\/wp-content\/themes\/marbellacribs\/assets\/langs\/fr.png\" class=\"w-6\">\n                  <\/div>\n        <button class=\"btn-white\" onclick=\"toogleVisibilityAndBlock('bio-457')\">Voir biographie<\/button>\n      <\/div>\n      <div id=\"bio-457\" class=\"fixed top-0 left-0 z-20 hidden w-full h-full overflow-auto text-white animate__faster animate__animated animate__fadeOutDown bg-primary\">\n        <button onclick=\"toogleVisibilityAndBlock('bio-457')\" class=\"absolute top-4 right-4 lg:top-16 lg:right-16\">\n          <svg width=\"25\" height=\"25\" viewBox=\"0 0 34 34\" fill=\"none\" xmlns=\"http:\/\/www.w3.org\/2000\/svg\">\n            <path d=\"M1 33L33 1M1 1L33 33\" stroke=\"white\" stroke-width=\"2\" stroke-linecap=\"round\" stroke-linejoin=\"round\" \/>\n          <\/svg>\n        <\/button>\n        <section class=\"py-14 lg:py-32\">\n          <div class=\"container grid grid-cols-2 text-left gap-y-8 gap-x-16 \">\n            <div class=\"\">\n              <h2>Alexandre Vanel<\/h2>\n              <b class=\"mb-1\">Conseiller Immobilier et Fondateur<\/b>\n              <div class=\"mb-2\"><a href=\"mailto:alexandre@marbella-cribs.com\">alexandre@marbella-cribs.com<\/a><\/div>\n              <div class=\"mb-2\"><a href=\"tel:+34 623 443 213\">+34 623 443 213<\/a><\/div>\n              <div class=\"flex gap-4 mb-8\">\n                                  <img decoding=\"async\" alt=\"Language en\" src=\"https:\/\/marbella-cribs.com\/wp-content\/themes\/marbellacribs\/assets\/langs\/en.png\" class=\"w-6\">\n                                  <img decoding=\"async\" alt=\"Language es\" src=\"https:\/\/marbella-cribs.com\/wp-content\/themes\/marbellacribs\/assets\/langs\/es.png\" class=\"w-6\">\n                                  <img decoding=\"async\" alt=\"Language fr\" src=\"https:\/\/marbella-cribs.com\/wp-content\/themes\/marbellacribs\/assets\/langs\/fr.png\" class=\"w-6\">\n                              <\/div>\n            <\/div>\n            <img decoding=\"async\" alt=\"Alexandre Vanel &#8211; Marbella Cribs Group\" src=\"https:\/\/marbella-cribs.com\/wp-content\/uploads\/2023\/02\/IMG_1391.jpg \" class=\"min-w-0 lg:row-span-2 basis-2\/5\">\n            <div class=\"col-span-2 lg:col-span-1\">\n              <p>Alexandre Vanel est un entrepreneur, agent immobilier et promoteur, sp\u00e9cialiste de l&rsquo;ex\u00e9cution de jeunes entreprises \u00e0 fort potentiel de croissance.<\/p>\n<p>Apr\u00e8s avoir cr\u00e9\u00e9 une entreprise internationale de vins originaires de Bourgogne et export\u00e9s \u00e0 Hong Kong, dont il \u00e9tait le copropri\u00e9taire, le d\u00e9veloppeur et le concepteur, il a obtenu un master en finance d&rsquo;entreprise.<\/p>\n<p>Son p\u00e8re est le fondateur d&rsquo;une entreprise de construction et d&rsquo;architecture autour du lac L\u00e9man, dans laquelle Alexandre Vanel a principalement particip\u00e9 \u00e0 l&rsquo;extension qui a conduit \u00e0 la r\u00e9alisation de plusieurs promotions immobili\u00e8res dans la r\u00e9gion genevoise. Il est depuis entrepreneur dans l&rsquo;immobilier.<\/p>\n<p>En 2016, il est cadre dans une multinationale \u00e0 Gen\u00e8ve, il y reste cinq ann\u00e9es cons\u00e9cutives.<\/p>\n<p>Depuis 2021, il est, avec son associ\u00e9, fondateur et cr\u00e9ateur de Marbella Cribs Group \u00e0 Marbella. Cette entit\u00e9 couvre la vente immobili\u00e8re, le lifestyle, la gestion immobili\u00e8re, la location saisonni\u00e8re et le futur d\u00e9veloppement immobilier sur la Costa Del Sol.<\/p>\n            <\/div>\n          <\/div>\n        <\/section>\n      <\/div>\n          <div class=\"\">\n        <img decoding=\"async\" alt=\"Tatiana Chpirnaia &#8211; Marbella Cribs Group\" src=\"https:\/\/marbella-cribs.com\/wp-content\/uploads\/2023\/08\/IMG_1415-700x700.jpg\" class=\"object-cover w-full mb-4 aspect-square\">\n        <h3 class=\"mb-2\">Tatiana Chpirnaia<\/h3>\n        <b class=\"mb-1\">Conseiller Immobilier<\/b>\n        <div class=\"mb-3\"><a href=\"mailto:tatiana@marbella-cribs.com\">tatiana@marbella-cribs.com<\/a><\/div>\n        <div class=\"flex justify-center gap-4 mb-8\">\n                      <img decoding=\"async\" alt=\"Language en\" src=\"https:\/\/marbella-cribs.com\/wp-content\/themes\/marbellacribs\/assets\/langs\/en.png\" class=\"w-6\">\n                      <img decoding=\"async\" alt=\"Language es\" src=\"https:\/\/marbella-cribs.com\/wp-content\/themes\/marbellacribs\/assets\/langs\/es.png\" class=\"w-6\">\n                      <img decoding=\"async\" alt=\"Language fr\" src=\"https:\/\/marbella-cribs.com\/wp-content\/themes\/marbellacribs\/assets\/langs\/fr.png\" class=\"w-6\">\n                      <img decoding=\"async\" alt=\"Language ru\" src=\"https:\/\/marbella-cribs.com\/wp-content\/themes\/marbellacribs\/assets\/langs\/ru.png\" class=\"w-6\">\n                  <\/div>\n        <button class=\"btn-white\" onclick=\"toogleVisibilityAndBlock('bio-7437')\">Voir biographie<\/button>\n      <\/div>\n      <div id=\"bio-7437\" class=\"fixed top-0 left-0 z-20 hidden w-full h-full overflow-auto text-white animate__faster animate__animated animate__fadeOutDown bg-primary\">\n        <button onclick=\"toogleVisibilityAndBlock('bio-7437')\" class=\"absolute top-4 right-4 lg:top-16 lg:right-16\">\n          <svg width=\"25\" height=\"25\" viewBox=\"0 0 34 34\" fill=\"none\" xmlns=\"http:\/\/www.w3.org\/2000\/svg\">\n            <path d=\"M1 33L33 1M1 1L33 33\" stroke=\"white\" stroke-width=\"2\" stroke-linecap=\"round\" stroke-linejoin=\"round\" \/>\n          <\/svg>\n        <\/button>\n        <section class=\"py-14 lg:py-32\">\n          <div class=\"container grid grid-cols-2 text-left gap-y-8 gap-x-16 \">\n            <div class=\"\">\n              <h2>Tatiana Chpirnaia<\/h2>\n              <b class=\"mb-1\">Conseiller Immobilier<\/b>\n              <div class=\"mb-2\"><a href=\"mailto:tatiana@marbella-cribs.com\">tatiana@marbella-cribs.com<\/a><\/div>\n              <div class=\"mb-2\"><a href=\"tel:+33 6 76 86 11 34\">+33 6 76 86 11 34<\/a><\/div>\n              <div class=\"flex gap-4 mb-8\">\n                                  <img decoding=\"async\" alt=\"Language en\" src=\"https:\/\/marbella-cribs.com\/wp-content\/themes\/marbellacribs\/assets\/langs\/en.png\" class=\"w-6\">\n                                  <img decoding=\"async\" alt=\"Language es\" src=\"https:\/\/marbella-cribs.com\/wp-content\/themes\/marbellacribs\/assets\/langs\/es.png\" class=\"w-6\">\n                                  <img decoding=\"async\" alt=\"Language fr\" src=\"https:\/\/marbella-cribs.com\/wp-content\/themes\/marbellacribs\/assets\/langs\/fr.png\" class=\"w-6\">\n                                  <img decoding=\"async\" alt=\"Language ru\" src=\"https:\/\/marbella-cribs.com\/wp-content\/themes\/marbellacribs\/assets\/langs\/ru.png\" class=\"w-6\">\n                              <\/div>\n            <\/div>\n            <img decoding=\"async\" alt=\"Tatiana Chpirnaia &#8211; Marbella Cribs Group\" src=\"https:\/\/marbella-cribs.com\/wp-content\/uploads\/2023\/08\/IMG_1415.jpg \" class=\"min-w-0 lg:row-span-2 basis-2\/5\">\n            <div class=\"col-span-2 lg:col-span-1\">\n              <p>Tatiana Chpirnaia est courtier immobilier ind\u00e9pendant depuis 2009.<\/p>\n<p>Apr\u00e8s l&rsquo;obtention d&rsquo;un Bachelor in Business Administration \u00e0 l&rsquo;EPSCI, Groupe ESSEC, et \u00e0 l&rsquo;Universit\u00e9 de la Sorbonne (Histoire des Arts et Arch\u00e9ologie) en France, et une exp\u00e9rience r\u00e9ussie dans divers domaines professionnels, elle a \u00e9t\u00e9 attir\u00e9e par l&rsquo;activit\u00e9 immobili\u00e8re et a int\u00e9gr\u00e9 le Groupe Century 21 en 2009, remportant le \u00ab\u00a0Top 21 Reward\u00a0\u00bb en 2011.<\/p>\n<p>En 2012, elle rejoint l&rsquo;agence immobili\u00e8re de luxe John Taylor situ\u00e9e dans le Triangle d&rsquo;Or \u00e0 Paris, o\u00f9 elle a travaill\u00e9 pendant plus de 10 ans. Elle \u00e9tait en charge d&rsquo;une client\u00e8le haut de gamme cherchant \u00e0 acheter, investir ou vendre leurs biens immobiliers \u00e0 Paris.<\/p>\n<p>Fascin\u00e9e par l&rsquo;Espagne et plus particuli\u00e8rement par la r\u00e9gion d&rsquo;Andalousie, sa culture, sa qualit\u00e9 de vie, ses habitants venant du monde entier, Marbella \u00e9tant l&rsquo;un des joyaux de la r\u00e9gion, elle a choisi de rejoindre l&rsquo;\u00e9quipe de Marbella Cribs Group \u00e0 l&rsquo;\u00e9t\u00e9 2023.<\/p>\n<p>Tatiana parle parfaitement 4 langues : Anglais, Fran\u00e7ais, Espagnol, et Russe.<\/p>\n<p>Elle a choisi de rejoindre l&rsquo;\u00e9quipe de Marbella Cribs Group, pour une exp\u00e9rience passionnante. Elle sera responsable de son portefeuille de clients internationaux.<\/p>\n            <\/div>\n          <\/div>\n        <\/section>\n      <\/div>\n    \n  <\/div>\n<\/section>\n\n<section id=\"\" class=\"flex lg:block flex-col-reverse gap-7 max-lg:px-0  relative bg-white\">\n  <img decoding=\"async\" alt=\"\" src=\"https:\/\/marbella-cribs.com\/wp-content\/uploads\/2024\/07\/img-153-1.jpg\" class=\"h-full lg:absolute top-0 left-0 aspect-featured object-cover lg:w-2\/6 px-4 lg:px-0 max-lg:w-full\" \/>\n  <div class=\"container\">\n    <div class=\"lg:w-4\/6  ml-auto pl-8 max-lg:pl-0\">\n              <h2>Nos bureaux<\/h2>\n      \n              <div class=\"mx-lg:px-4\">\n          <p>Bienvenue dans notre agence immobili\u00e8re de choix, id\u00e9alement situ\u00e9e sur le Bulevar Principe Alfonso de Hohenlohe, au Golden Mile de Marbella. Nos bureaux allient le style m\u00e9diterran\u00e9en et \u00e9l\u00e9gant de notre b\u00e2timent \u00e0 l\u2019histoire fascinante, qui abritait autrefois la c\u00e9l\u00e8bre galerie d&rsquo;art Volubilis Marbella.\u00a0<\/p>\n<p>Profitez de notre emplacement privil\u00e9gi\u00e9 et laissez-nous vous accompagner dans toutes vos transactions immobili\u00e8res avec notre expertise locale. Venez nous rendre visite et d\u00e9couvrez comment nous pouvons concr\u00e9tiser vos r\u00eaves immobiliers dans l&rsquo;une des destinations les plus pris\u00e9es d&rsquo;Espagne.<\/p>\n        <\/div>\n      \n          <\/div>\n  <\/div>\n<\/section>","protected":false},"excerpt":{"rendered":"","protected":false},"author":1,"featured_media":24029,"parent":0,"menu_order":0,"comment_status":"closed","ping_status":"closed","template":"","meta":{"_joinchat":[],"footnotes":""},"class_list":["post-433","page","type-page","status-publish","has-post-thumbnail","hentry"],"aioseo_notices":[],"meta_box":{"image":false,"faq_en":[],"faq_(spanish)":[],"faq_fr":[],"status":[]},"_links":{"self":[{"href":"https:\/\/marbella-cribs.com\/fr\/wp-json\/wp\/v2\/pages\/433","targetHints":{"allow":["GET"]}}],"collection":[{"href":"https:\/\/marbella-cribs.com\/fr\/wp-json\/wp\/v2\/pages"}],"about":[{"href":"https:\/\/marbella-cribs.com\/fr\/wp-json\/wp\/v2\/types\/page"}],"author":[{"embeddable":true,"href":"https:\/\/marbella-cribs.com\/fr\/wp-json\/wp\/v2\/users\/1"}],"replies":[{"embeddable":true,"href":"https:\/\/marbella-cribs.com\/fr\/wp-json\/wp\/v2\/comments?post=433"}],"version-history":[{"count":95,"href":"https:\/\/marbella-cribs.com\/fr\/wp-json\/wp\/v2\/pages\/433\/revisions"}],"predecessor-version":[{"id":31038,"href":"https:\/\/marbella-cribs.com\/fr\/wp-json\/wp\/v2\/pages\/433\/revisions\/31038"}],"wp:featuredmedia":[{"embeddable":true,"href":"https:\/\/marbella-cribs.com\/fr\/wp-json\/wp\/v2\/media\/24029"}],"wp:attachment":[{"href":"https:\/\/marbella-cribs.com\/fr\/wp-json\/wp\/v2\/media?parent=433"}],"curies":[{"name":"wp","href":"https:\/\/api.w.org\/{rel}","templated":true}]}}